{"id":1054,"date":"2016-07-12T18:51:32","date_gmt":"2016-07-12T18:51:32","guid":{"rendered":"http:\/\/broomconstruction.com\/?page_id=1054&#038;lang=fr"},"modified":"2016-08-04T01:21:26","modified_gmt":"2016-08-04T01:21:26","slug":"politique-de-confidentialite","status":"publish","type":"page","link":"https:\/\/broomconstruction.com\/fr\/politique-de-confidentialite\/","title":{"rendered":"Politique de confidentialit\u00e9"},"content":{"rendered":"<body><div class=\"flex_column av_one_full  flex_column_div av-zero-column-padding first  \" style='border-radius:0px; '><section class=\"av_textblock_section\"  itemscope=\"itemscope\" itemtype=\"https:\/\/schema.org\/CreativeWork\" ><div class='avia_textblock '   itemprop=\"text\" ><p><strong>Politique de confidentialit\u00e9 de Broom Construction<\/strong><\/p>\n<p>Broom Construction est d\u00e9di\u00e9 \u00e0 prot\u00e9ger votre confidentialit\u00e9. Toute information personnelle soumise \u00e0 travers les formulaires de soumissions web, e-mail, t\u00e9l\u00e9phone ou tout autre moyen de contact est tenu sous une stricte confidentialit\u00e9, et ne sera pas partag\u00e9e avec une personne tierce \u00e0 moins d\u2019avoir une autorisation de votre part.<\/p>\n<p>Nous sommes d\u00e9di\u00e9s \u00e0 l\u2019excellence et \u00e0 la s\u00e9curit\u00e9 de tout individu visitant notre site web. Nous sommes tenus d\u2019obtenir certaines informations de votre part pour \u00eatre en mesure d\u2019\u00e9valuer votre situation et vous fournir les r\u00e9ponses les plus exactes \u00e0 vos questions. Soyez assur\u00e9s que votre information ne sera jamais divulg\u00e9e \u00e0 aucun autre site, entreprise ou individu \u00e0 moins que vous nous demandiez qu\u2019une telle information soit divulg\u00e9e.<\/p>\n<p>S\u2019il vous plait vous r\u00e9f\u00e9rer au texte plus bas pour toute autre question sur notre politique.<\/p>\n<p>N\u2019h\u00e9sitez aucunement \u00e0 nous joindre pour toute question ou inqui\u00e9tude.<\/p>\n<p>Obtention et utilisation d\u2019information<\/p>\n<p>Deux types d\u2019information peuvent \u00eatre r\u00e9colt\u00e9s lors de votre visite sur un de nos sites web, l\u2019information que vous nous fournissez volontairement (appel\u00e9 information personnellement identifiable), et de l\u2019information qui est r\u00e9colt\u00e9e lors de votre visite mais qui n\u2019est pas directement li\u00e9e avec vous (appel\u00e9e information non-personnellement identifiable). Lorsque vous vous engagez \u00e0 utiliser un ou plusieurs de nos services, nous posez une question ou acheter de notre marchandise, nous pouvons demander de l\u2019information sp\u00e9cifiquement sur vous, incluant, mais n\u2019\u00e9tant pas limit\u00e9 \u00e0 votre nom, adresse, num\u00e9ro de t\u00e9l\u00e9phone, adresse courriel, ou information de paiement. Dans l\u2019utilisation normale d\u2019un des sites de Broom Construction, nous pouvons collecter de l\u2019information en lien avec vos habitudes et l\u2019utilisation de nos sites. Cette information non-personnellement identifiable est collect\u00e9e sans association directe avec vous sp\u00e9cifiquement.<\/p>\n<p>Sites tiers:<\/p>\n<p>Parfois les sites de Broom Construction peuvent contenir des liens vers d\u2019autres sites vari\u00e9s n\u2019appartenant pas et n\u2019\u00e9tant pas op\u00e9r\u00e9s par Broom Construction. Tandis que nous encourageons les autres d\u00e9veloppeurs de sites web \u00e0 adopter des politiques de confidentialit\u00e9 qui renforce la confiance de leurs utilisateurs, nous ne sommes pas tenus responsables pour les pratiques de confidentialit\u00e9 ou du contenu de ces sites, qu\u2019ils disposent d\u2019un lien vers nos sites ou que nous ayons un lien vers le leur. Les visiteurs devraient consulter la politique de confidentialit\u00e9 des autres sites, comme nous n\u2019avons aucun contr\u00f4le sur l\u2019information qui est soumise, ou collect\u00e9e par, ces partis tiers.<\/p>\n<p>Cookies:<\/p>\n<p>Les cookies sont de petits fichiers de texte qui peuvent \u00eatre plac\u00e9s sur le disque dur de votre ordinateur par nos serveurs pour identifier votre ordinateur. Nous pouvons utiliser les cookies pour savoir lorsque vous visitez un de nos sites, pour personnaliser votre exp\u00e9rience et g\u00e9n\u00e9ralement pour mieux vous servir. Par exemple, si vous entrez votre nom, adresse, num\u00e9ro de t\u00e9l\u00e9phone, adresse email, code postal ou tout autre type d\u2019information personnellement identifiable dans l\u2019un de nos formulaires, cette information pourrait, sans toujours \u00eatre le cas, \u00eatre stock\u00e9e dans un cookie pour que vous n\u2019ayez pas \u00e0 entrer l\u2019information \u00e0 nouveau.<\/p>\n<p>Acc\u00e8s \u00e0 l\u2019information et divulgation:<\/p>\n<p>Les agents, employ\u00e9s et contracteurs chez Broom Construction ayant acc\u00e8s \u00e0 de l\u2019information personnellement identifiable, sont exig\u00e9s de prot\u00e9ger cette information de mani\u00e8re congruente avec cette politique de confidentialit\u00e9 ainsi que les hauts standards de la compagnie.<\/p>\n<p>L\u2019information vous concernant sp\u00e9cifiquement ne sera en aucun cas utilis\u00e9e pour quelque raison que ce soit autre que de mener \u00e0 terme les services que vous aurez demand\u00e9 de Broom Construction et ses affili\u00e9s.<\/p>\n<p>Il n\u2019y aura aucune vente ou location de votre information personnellement identifiable \u00e0 personne et en aucun temps sans votre permission au pr\u00e9alable, sauf comme indiqu\u00e9 ci-dessous. Il n\u2019y aura aucune utilisation de votre information personnelle outre pour ce qui sera n\u00e9cessaire pour mener \u00e0 terme les services que vous nous aurez demand\u00e9s.<\/p>\n<p>1. Nous avons votre consentement pour partager l\u2019information.<br \/>\n2. Nous devons partager votre information afin de pourvoir le produit ou service que vous nous aurez demand\u00e9.<br \/>\n3. Nous sommes demand\u00e9s de faire ainsi par la loi, par exemple, en r\u00e9ponse \u00e0 un ordre de la cour ou une assignation \u00e0 compara\u00eetre.<\/p>\n<p>Nous utilisons de fa\u00e7on r\u00e9guli\u00e8re l\u2019information non personnellement identifiable que nous collectionnons pour am\u00e9liorer le design et le contenu de nos sites web et pour nous permettre de personnaliser votre exp\u00e9rience Internet. Nous pouvons aussi utiliser cette information pour analyser l\u2019utilisation du site, ainsi que pour l\u2019offre de produits, programmes ou services \u00e0 vous ou \u00e0 des utilisateurs comme vous.<\/p>\n<p>Adresses E-mail:<\/p>\n<p>Bas\u00e9 selon l\u2019information personnellement identifiable que vous nous fournissez sur www.broomconstruction.com, nous pouvons vous envoyer une confirmation par email vous laissant savoir que nous avons bien re\u00e7u votre information. Nous allons \u00e9galement communiquer avec vous en r\u00e9ponse \u00e0 vos demandes de renseignement, pour pourvoir des services \u00e0 votre demande et pour g\u00e9rer votre compte. Nous allons communiquer avec vous par email ou t\u00e9l\u00e9phone selon vos pr\u00e9f\u00e9rences.<\/p>\n<p>Engagement de s\u00e9curit\u00e9:<\/p>\n<p>Nous avons mis en place des proc\u00e9dures physiques, \u00e9l\u00e9ctroniques et de gestion pour pr\u00e9venir et aider \u00e0 contrer tout acc\u00e8s non autoris\u00e9, maintenir la s\u00e9curit\u00e9 des donn\u00e9es et utiliser correctement l\u2019information que nous collectionnons via Internet. Ne ne vendons, \u00e9changeons et louons pas votre information personnelle en aucun cas ou aucun temps sans votre permission et connaissance de cause au pr\u00e9alable.<\/p>\n<\/div><\/section><\/div>\n<\/p><\/body>","protected":false},"excerpt":{"rendered":"","protected":false},"author":1,"featured_media":0,"parent":0,"menu_order":0,"comment_status":"closed","ping_status":"closed","template":"","meta":{"nf_dc_page":"","footnotes":""},"class_list":["post-1054","page","type-page","status-publish","hentry"],"yoast_head":"<!-- This site is optimized with the Yoast SEO plugin v26.9 - https:\/\/yoast.com\/product\/yoast-seo-wordpress\/ -->\n<title>Politique de confidentialit\u00e9 - Broom Construction<\/title>\n<meta name=\"robots\" content=\"index, follow, max-snippet:-1, max-image-preview:large, max-video-preview:-1\" \/>\n<link rel=\"canonical\" href=\"https:\/\/broomconstruction.com\/privacy-policy\/\" \/>\n<meta property=\"og:locale\" content=\"fr_CA\" \/>\n<meta property=\"og:type\" content=\"article\" \/>\n<meta property=\"og:title\" content=\"Politique de confidentialit\u00e9 - Broom Construction\" \/>\n<meta property=\"og:url\" content=\"https:\/\/broomconstruction.com\/privacy-policy\/\" \/>\n<meta property=\"og:site_name\" content=\"Broom Construction\" \/>\n<meta property=\"article:publisher\" content=\"https:\/\/www.facebook.com\/broomconstruction\" \/>\n<meta property=\"article:modified_time\" content=\"2016-08-04T01:21:26+00:00\" \/>\n<meta name=\"twitter:card\" content=\"summary_large_image\" \/>\n<meta name=\"twitter:label1\" content=\"Est. reading time\" \/>\n\t<meta name=\"twitter:data1\" content=\"5 minutes\" \/>\n<script type=\"application\/ld+json\" class=\"yoast-schema-graph\">{\"@context\":\"https:\/\/schema.org\",\"@graph\":[{\"@type\":\"WebPage\",\"@id\":\"https:\/\/broomconstruction.com\/privacy-policy\/\",\"url\":\"https:\/\/broomconstruction.com\/privacy-policy\/\",\"name\":\"Politique de confidentialit\u00e9 - Broom Construction\",\"isPartOf\":{\"@id\":\"https:\/\/broomconstruction.com\/#website\"},\"datePublished\":\"2016-07-12T18:51:32+00:00\",\"dateModified\":\"2016-08-04T01:21:26+00:00\",\"breadcrumb\":{\"@id\":\"https:\/\/broomconstruction.com\/privacy-policy\/#breadcrumb\"},\"inLanguage\":\"fr-CA\",\"potentialAction\":[{\"@type\":\"ReadAction\",\"target\":[\"https:\/\/broomconstruction.com\/privacy-policy\/\"]}]},{\"@type\":\"BreadcrumbList\",\"@id\":\"https:\/\/broomconstruction.com\/privacy-policy\/#breadcrumb\",\"itemListElement\":[{\"@type\":\"ListItem\",\"position\":1,\"name\":\"Home\",\"item\":\"https:\/\/broomconstruction.com\/fr\/\"},{\"@type\":\"ListItem\",\"position\":2,\"name\":\"Politique de confidentialit\u00e9\"}]},{\"@type\":\"WebSite\",\"@id\":\"https:\/\/broomconstruction.com\/#website\",\"url\":\"https:\/\/broomconstruction.com\/\",\"name\":\"Broom Construction\",\"description\":\"Ottawa Painting, Roofing &amp; Renovations\",\"publisher\":{\"@id\":\"https:\/\/broomconstruction.com\/#organization\"},\"potentialAction\":[{\"@type\":\"SearchAction\",\"target\":{\"@type\":\"EntryPoint\",\"urlTemplate\":\"https:\/\/broomconstruction.com\/?s={search_term_string}\"},\"query-input\":{\"@type\":\"PropertyValueSpecification\",\"valueRequired\":true,\"valueName\":\"search_term_string\"}}],\"inLanguage\":\"fr-CA\"},{\"@type\":\"Organization\",\"@id\":\"https:\/\/broomconstruction.com\/#organization\",\"name\":\"Broom Construction\",\"url\":\"https:\/\/broomconstruction.com\/\",\"logo\":{\"@type\":\"ImageObject\",\"inLanguage\":\"fr-CA\",\"@id\":\"https:\/\/broomconstruction.com\/#\/schema\/logo\/image\/\",\"url\":\"https:\/\/i0.wp.com\/broomconstruction.com\/wp-content\/uploads\/2016\/06\/logo.jpg?fit=273%2C188&ssl=1\",\"contentUrl\":\"https:\/\/i0.wp.com\/broomconstruction.com\/wp-content\/uploads\/2016\/06\/logo.jpg?fit=273%2C188&ssl=1\",\"width\":273,\"height\":188,\"caption\":\"Broom Construction\"},\"image\":{\"@id\":\"https:\/\/broomconstruction.com\/#\/schema\/logo\/image\/\"},\"sameAs\":[\"https:\/\/www.facebook.com\/broomconstruction\",\"https:\/\/share.google\/EhZRs0RKwOFR4iYPL\"]}]}<\/script>\n<!-- \/ Yoast SEO plugin. -->","yoast_head_json":{"title":"Politique de confidentialit\u00e9 - Broom Construction","robots":{"index":"index","follow":"follow","max-snippet":"max-snippet:-1","max-image-preview":"max-image-preview:large","max-video-preview":"max-video-preview:-1"},"canonical":"https:\/\/broomconstruction.com\/privacy-policy\/","og_locale":"fr_CA","og_type":"article","og_title":"Politique de confidentialit\u00e9 - Broom Construction","og_url":"https:\/\/broomconstruction.com\/privacy-policy\/","og_site_name":"Broom Construction","article_publisher":"https:\/\/www.facebook.com\/broomconstruction","article_modified_time":"2016-08-04T01:21:26+00:00","twitter_card":"summary_large_image","twitter_misc":{"Est. reading time":"5 minutes"},"schema":{"@context":"https:\/\/schema.org","@graph":[{"@type":"WebPage","@id":"https:\/\/broomconstruction.com\/privacy-policy\/","url":"https:\/\/broomconstruction.com\/privacy-policy\/","name":"Politique de confidentialit\u00e9 - Broom Construction","isPartOf":{"@id":"https:\/\/broomconstruction.com\/#website"},"datePublished":"2016-07-12T18:51:32+00:00","dateModified":"2016-08-04T01:21:26+00:00","breadcrumb":{"@id":"https:\/\/broomconstruction.com\/privacy-policy\/#breadcrumb"},"inLanguage":"fr-CA","potentialAction":[{"@type":"ReadAction","target":["https:\/\/broomconstruction.com\/privacy-policy\/"]}]},{"@type":"BreadcrumbList","@id":"https:\/\/broomconstruction.com\/privacy-policy\/#breadcrumb","itemListElement":[{"@type":"ListItem","position":1,"name":"Home","item":"https:\/\/broomconstruction.com\/fr\/"},{"@type":"ListItem","position":2,"name":"Politique de confidentialit\u00e9"}]},{"@type":"WebSite","@id":"https:\/\/broomconstruction.com\/#website","url":"https:\/\/broomconstruction.com\/","name":"Broom Construction","description":"Ottawa Painting, Roofing &amp; Renovations","publisher":{"@id":"https:\/\/broomconstruction.com\/#organization"},"potentialAction":[{"@type":"SearchAction","target":{"@type":"EntryPoint","urlTemplate":"https:\/\/broomconstruction.com\/?s={search_term_string}"},"query-input":{"@type":"PropertyValueSpecification","valueRequired":true,"valueName":"search_term_string"}}],"inLanguage":"fr-CA"},{"@type":"Organization","@id":"https:\/\/broomconstruction.com\/#organization","name":"Broom Construction","url":"https:\/\/broomconstruction.com\/","logo":{"@type":"ImageObject","inLanguage":"fr-CA","@id":"https:\/\/broomconstruction.com\/#\/schema\/logo\/image\/","url":"https:\/\/i0.wp.com\/broomconstruction.com\/wp-content\/uploads\/2016\/06\/logo.jpg?fit=273%2C188&ssl=1","contentUrl":"https:\/\/i0.wp.com\/broomconstruction.com\/wp-content\/uploads\/2016\/06\/logo.jpg?fit=273%2C188&ssl=1","width":273,"height":188,"caption":"Broom Construction"},"image":{"@id":"https:\/\/broomconstruction.com\/#\/schema\/logo\/image\/"},"sameAs":["https:\/\/www.facebook.com\/broomconstruction","https:\/\/share.google\/EhZRs0RKwOFR4iYPL"]}]}},"jetpack_sharing_enabled":true,"_links":{"self":[{"href":"https:\/\/broomconstruction.com\/fr\/wp-json\/wp\/v2\/pages\/1054","targetHints":{"allow":["GET"]}}],"collection":[{"href":"https:\/\/broomconstruction.com\/fr\/wp-json\/wp\/v2\/pages"}],"about":[{"href":"https:\/\/broomconstruction.com\/fr\/wp-json\/wp\/v2\/types\/page"}],"author":[{"embeddable":true,"href":"https:\/\/broomconstruction.com\/fr\/wp-json\/wp\/v2\/users\/1"}],"replies":[{"embeddable":true,"href":"https:\/\/broomconstruction.com\/fr\/wp-json\/wp\/v2\/comments?post=1054"}],"version-history":[{"count":3,"href":"https:\/\/broomconstruction.com\/fr\/wp-json\/wp\/v2\/pages\/1054\/revisions"}],"predecessor-version":[{"id":1156,"href":"https:\/\/broomconstruction.com\/fr\/wp-json\/wp\/v2\/pages\/1054\/revisions\/1156"}],"wp:attachment":[{"href":"https:\/\/broomconstruction.com\/fr\/wp-json\/wp\/v2\/media?parent=1054"}],"curies":[{"name":"wp","href":"https:\/\/api.w.org\/{rel}","templated":true}]}}