{"id":1209,"date":"2019-03-19T14:22:19","date_gmt":"2019-03-19T14:22:19","guid":{"rendered":"http:\/\/broomconstruction.com\/air-duct-cleaning\/?lang=fr"},"modified":"2019-03-19T14:54:30","modified_gmt":"2019-03-19T14:54:30","slug":"nettoyage-conduits-air","status":"publish","type":"page","link":"https:\/\/broomconstruction.com\/fr\/nettoyage-conduits-air\/","title":{"rendered":"Nettoyage de conduits d&#8217;air"},"content":{"rendered":"<body><\/div><\/div><\/div><!-- close content main div --><\/div><\/div><div id='pages-title' class='avia-section main_color avia-section-small avia-no-shadow avia-bg-style-scroll   av-minimum-height av-minimum-height-custom container_wrap sidebar_right'   ><div class='container' style='height:20px'><div class='template-page content  av-content-small alpha units'><div class='post-entry post-entry-type-page post-entry-1209'><div class='entry-content-wrapper clearfix'>\n<div style='height:1px; margin-top:-44px'  class='hr hr-invisible  '><span class='hr-inner ' ><span class='hr-inner-style'><\/span><\/span><\/div>\n<div style='padding-bottom:10px;font-size:30px;' class='av-special-heading av-special-heading-h1  blockquote modern-quote   av-inherit-size'><h1 class='av-special-heading-tag'  itemprop=\"headline\"  ><span class=\"page-titles-span\"> Nettoyage de conduits d\u2019air<\/span><\/h1><div class='special-heading-border'><div class='special-heading-inner-border' ><\/div><\/div><\/div>\n<\/div><\/div><\/div><!-- close content main div --><\/div><\/div><div id='after_section_1' class='main_color av_default_container_wrap container_wrap sidebar_right'   ><div class='container' ><div class='template-page content  av-content-small alpha units'><div class='post-entry post-entry-type-page post-entry-1209'><div class='entry-content-wrapper clearfix'><div class=\"flex_column av_one_full  flex_column_div av-zero-column-padding first  \" style='border-radius:0px; '><p><div class='avia-image-container  av-styling-    avia-align-center '  itemscope=\"itemscope\" itemtype=\"https:\/\/schema.org\/ImageObject\"  ><div class='avia-image-container-inner'><img class='avia_image ' src='https:\/\/i0.wp.com\/broomconstruction.com\/wp-content\/uploads\/2019\/03\/airduct.jpg?fit=479%2C340&ssl=1' alt='Clean Air Duct' title='Clean Air Duct'   itemprop=\"contentURL\"  \/><\/div><\/div><br \/>\n<div  class='hr hr-default '><span class='hr-inner ' ><span class='hr-inner-style'><\/span><\/span><\/div><br \/>\n<section class=\"av_textblock_section\"  itemscope=\"itemscope\" itemtype=\"https:\/\/schema.org\/CreativeWork\" ><div class='avia_textblock '   itemprop=\"text\" ><h2>Faites affaire avec les meilleurs nettoyeurs de conduits de ventilation de la r\u00e9gion de Gatineau \/ Ottawa<\/h2>\n<\/div><\/section><\/p><\/div><div style='height:50px' class='hr hr-invisible  '><span class='hr-inner ' ><span class='hr-inner-style'><\/span><\/span><\/div><\/p>\n<div class=\"flex_column av_three_fourth  flex_column_div av-zero-column-padding first  \" style='border-radius:0px; '><section class=\"av_textblock_section\"  itemscope=\"itemscope\" itemtype=\"https:\/\/schema.org\/CreativeWork\" ><div class='avia_textblock '   itemprop=\"text\" ><p>Air-sant\u00e9, Air care est un partenaire de Broom Construction pour ce qui \u00e0 trait aux services de nettoyages de conduits d\u2019air.<\/p>\n<p><span class=\"color_15\">Depuis sa fondation, Air-sant\u00e9, Air care est l\u2019un des noms les plus r\u00e9put\u00e9s de l\u2019industrie pour les nettoyages de conduits de ventilation. Son \u00e9quipe talentueuse travaille rigoureusement chaque jour pour fournir les meilleurs services \u00e0 ses clients. L\u2019entreprise s\u2019occupe aussi de l\u2019entretien et la r\u00e9paration de fournaises, de climatiseurs et de thermopompes, de m\u00eame que du nettoyage des conduits de s\u00e9cheuse.<\/span><\/p>\n<\/div><\/section><\/div><div class=\"flex_column av_one_fourth  flex_column_div av-zero-column-padding   \" style='border-radius:0px; '><div class='avia-image-container avia_animated_image avia_animate_when_almost_visible left-to-right av-styling-    avia-align-center '  itemscope=\"itemscope\" itemtype=\"https:\/\/schema.org\/ImageObject\"  ><div class='avia-image-container-inner'><a href='https:\/\/www.airsante-aircare.com\/?lang=en' class='avia_image'  ><img class='avia_image ' src='https:\/\/i0.wp.com\/broomconstruction.com\/wp-content\/uploads\/2019\/03\/airsante-aircare-logo.jpg?fit=300%2C107&ssl=1' alt='Logo Air-sant\u00e9, Air care' title='Logo Air-sant\u00e9, Air care'  itemprop=\"contentURL\"  \/><\/a><\/div><\/div><\/div><\/p>\n<div style='height:30px' class='hr hr-invisible  '><span class='hr-inner ' ><span class='hr-inner-style'><\/span><\/span><\/div>\n<div class=\"flex_column av_one_full  flex_column_div av-zero-column-padding first  \" style='border-radius:0px; '><section class=\"av_textblock_section\"  itemscope=\"itemscope\" itemtype=\"https:\/\/schema.org\/CreativeWork\" ><div class='avia_textblock '   itemprop=\"text\" ><p><strong>Nous vous recommandons fortement de choisir <a href=\"https:\/\/www.airsante-aircare.com\/?lang=en\">Air-sant\u00e9, Air care<\/a> pour votre prochain service de nettoyage de conduits.<\/strong><\/p>\n<\/div><\/section><\/div><div style='height:30px' class='hr hr-invisible  '><span class='hr-inner ' ><span class='hr-inner-style'><\/span><\/span><\/div><\/p>\n<div class=\"flex_column av_one_half  flex_column_div av-zero-column-padding first  \" style='border-radius:0px; '><div class='avia-button-wrap avia-button-center  sub-page-button'><a href='https:\/\/www.airsante-aircare.com\/contact' class='avia-button avia-button-fullwidth  avia-icon_select-yes-left-icon avia-color-green '  style='color:#ffffff; ' ><span class='avia_button_icon avia_button_icon_left ' aria-hidden='true' data-av_icon='\ue830' data-av_iconfont='entypo-fontello'><\/span><span class='avia_iconbox_title' > | Contacter Air-sant\u00e9, Air care<\/span><span class='avia_button_background avia-button avia-button-fullwidth avia-color-orange' ><\/span><\/a><\/div><\/div>\n<\/p><\/body>","protected":false},"excerpt":{"rendered":"","protected":false},"author":2,"featured_media":0,"parent":0,"menu_order":0,"comment_status":"closed","ping_status":"closed","template":"","meta":{"nf_dc_page":"","footnotes":""},"class_list":["post-1209","page","type-page","status-publish","hentry"],"yoast_head":"<!-- This site is optimized with the Yoast SEO plugin v26.9 - https:\/\/yoast.com\/product\/yoast-seo-wordpress\/ -->\n<title>Nettoyage de conduits d&#039;air - Broom Construction<\/title>\n<meta name=\"description\" content=\"Air-sant\u00e9, Air care fait le nettoyage des conduits de ventilation, aussi de l&#039;entretien et la r\u00e9paration de fournaises, de climatiseurs et de thermopompes.\" \/>\n<meta name=\"robots\" content=\"index, follow, max-snippet:-1, max-image-preview:large, max-video-preview:-1\" \/>\n<link rel=\"canonical\" href=\"https:\/\/broomconstruction.com\/air-duct-cleaning\/\" \/>\n<meta property=\"og:locale\" content=\"fr_CA\" \/>\n<meta property=\"og:type\" content=\"article\" \/>\n<meta property=\"og:title\" content=\"Nettoyage de conduits d&#039;air - Broom Construction\" \/>\n<meta property=\"og:description\" content=\"Air-sant\u00e9, Air care fait le nettoyage des conduits de ventilation, aussi de l&#039;entretien et la r\u00e9paration de fournaises, de climatiseurs et de thermopompes.\" \/>\n<meta property=\"og:url\" content=\"https:\/\/broomconstruction.com\/air-duct-cleaning\/\" \/>\n<meta property=\"og:site_name\" content=\"Broom Construction\" \/>\n<meta property=\"article:publisher\" content=\"https:\/\/www.facebook.com\/broomconstruction\" \/>\n<meta property=\"article:modified_time\" content=\"2019-03-19T14:54:30+00:00\" \/>\n<meta name=\"twitter:card\" content=\"summary_large_image\" \/>\n<meta name=\"twitter:label1\" content=\"Est. reading time\" \/>\n\t<meta name=\"twitter:data1\" content=\"4 minutes\" \/>\n<script type=\"application\/ld+json\" class=\"yoast-schema-graph\">{\"@context\":\"https:\/\/schema.org\",\"@graph\":[{\"@type\":\"WebPage\",\"@id\":\"https:\/\/broomconstruction.com\/air-duct-cleaning\/\",\"url\":\"https:\/\/broomconstruction.com\/air-duct-cleaning\/\",\"name\":\"Nettoyage de conduits d'air - Broom Construction\",\"isPartOf\":{\"@id\":\"https:\/\/broomconstruction.com\/#website\"},\"datePublished\":\"2019-03-19T14:22:19+00:00\",\"dateModified\":\"2019-03-19T14:54:30+00:00\",\"description\":\"Air-sant\u00e9, Air care fait le nettoyage des conduits de ventilation, aussi de l'entretien et la r\u00e9paration de fournaises, de climatiseurs et de thermopompes.\",\"breadcrumb\":{\"@id\":\"https:\/\/broomconstruction.com\/air-duct-cleaning\/#breadcrumb\"},\"inLanguage\":\"fr-CA\",\"potentialAction\":[{\"@type\":\"ReadAction\",\"target\":[\"https:\/\/broomconstruction.com\/air-duct-cleaning\/\"]}]},{\"@type\":\"BreadcrumbList\",\"@id\":\"https:\/\/broomconstruction.com\/air-duct-cleaning\/#breadcrumb\",\"itemListElement\":[{\"@type\":\"ListItem\",\"position\":1,\"name\":\"Home\",\"item\":\"https:\/\/broomconstruction.com\/fr\/\"},{\"@type\":\"ListItem\",\"position\":2,\"name\":\"Nettoyage de conduits d&#8217;air\"}]},{\"@type\":\"WebSite\",\"@id\":\"https:\/\/broomconstruction.com\/#website\",\"url\":\"https:\/\/broomconstruction.com\/\",\"name\":\"Broom Construction\",\"description\":\"Ottawa Painting, Roofing &amp; Renovations\",\"publisher\":{\"@id\":\"https:\/\/broomconstruction.com\/#organization\"},\"potentialAction\":[{\"@type\":\"SearchAction\",\"target\":{\"@type\":\"EntryPoint\",\"urlTemplate\":\"https:\/\/broomconstruction.com\/?s={search_term_string}\"},\"query-input\":{\"@type\":\"PropertyValueSpecification\",\"valueRequired\":true,\"valueName\":\"search_term_string\"}}],\"inLanguage\":\"fr-CA\"},{\"@type\":\"Organization\",\"@id\":\"https:\/\/broomconstruction.com\/#organization\",\"name\":\"Broom Construction\",\"url\":\"https:\/\/broomconstruction.com\/\",\"logo\":{\"@type\":\"ImageObject\",\"inLanguage\":\"fr-CA\",\"@id\":\"https:\/\/broomconstruction.com\/#\/schema\/logo\/image\/\",\"url\":\"https:\/\/i0.wp.com\/broomconstruction.com\/wp-content\/uploads\/2016\/06\/logo.jpg?fit=273%2C188&ssl=1\",\"contentUrl\":\"https:\/\/i0.wp.com\/broomconstruction.com\/wp-content\/uploads\/2016\/06\/logo.jpg?fit=273%2C188&ssl=1\",\"width\":273,\"height\":188,\"caption\":\"Broom Construction\"},\"image\":{\"@id\":\"https:\/\/broomconstruction.com\/#\/schema\/logo\/image\/\"},\"sameAs\":[\"https:\/\/www.facebook.com\/broomconstruction\",\"https:\/\/share.google\/EhZRs0RKwOFR4iYPL\"]}]}<\/script>\n<!-- \/ Yoast SEO plugin. -->","yoast_head_json":{"title":"Nettoyage de conduits d'air - Broom Construction","description":"Air-sant\u00e9, Air care fait le nettoyage des conduits de ventilation, aussi de l'entretien et la r\u00e9paration de fournaises, de climatiseurs et de thermopompes.","robots":{"index":"index","follow":"follow","max-snippet":"max-snippet:-1","max-image-preview":"max-image-preview:large","max-video-preview":"max-video-preview:-1"},"canonical":"https:\/\/broomconstruction.com\/air-duct-cleaning\/","og_locale":"fr_CA","og_type":"article","og_title":"Nettoyage de conduits d'air - Broom Construction","og_description":"Air-sant\u00e9, Air care fait le nettoyage des conduits de ventilation, aussi de l'entretien et la r\u00e9paration de fournaises, de climatiseurs et de thermopompes.","og_url":"https:\/\/broomconstruction.com\/air-duct-cleaning\/","og_site_name":"Broom Construction","article_publisher":"https:\/\/www.facebook.com\/broomconstruction","article_modified_time":"2019-03-19T14:54:30+00:00","twitter_card":"summary_large_image","twitter_misc":{"Est. reading time":"4 minutes"},"schema":{"@context":"https:\/\/schema.org","@graph":[{"@type":"WebPage","@id":"https:\/\/broomconstruction.com\/air-duct-cleaning\/","url":"https:\/\/broomconstruction.com\/air-duct-cleaning\/","name":"Nettoyage de conduits d'air - Broom Construction","isPartOf":{"@id":"https:\/\/broomconstruction.com\/#website"},"datePublished":"2019-03-19T14:22:19+00:00","dateModified":"2019-03-19T14:54:30+00:00","description":"Air-sant\u00e9, Air care fait le nettoyage des conduits de ventilation, aussi de l'entretien et la r\u00e9paration de fournaises, de climatiseurs et de thermopompes.","breadcrumb":{"@id":"https:\/\/broomconstruction.com\/air-duct-cleaning\/#breadcrumb"},"inLanguage":"fr-CA","potentialAction":[{"@type":"ReadAction","target":["https:\/\/broomconstruction.com\/air-duct-cleaning\/"]}]},{"@type":"BreadcrumbList","@id":"https:\/\/broomconstruction.com\/air-duct-cleaning\/#breadcrumb","itemListElement":[{"@type":"ListItem","position":1,"name":"Home","item":"https:\/\/broomconstruction.com\/fr\/"},{"@type":"ListItem","position":2,"name":"Nettoyage de conduits d&#8217;air"}]},{"@type":"WebSite","@id":"https:\/\/broomconstruction.com\/#website","url":"https:\/\/broomconstruction.com\/","name":"Broom Construction","description":"Ottawa Painting, Roofing &amp; Renovations","publisher":{"@id":"https:\/\/broomconstruction.com\/#organization"},"potentialAction":[{"@type":"SearchAction","target":{"@type":"EntryPoint","urlTemplate":"https:\/\/broomconstruction.com\/?s={search_term_string}"},"query-input":{"@type":"PropertyValueSpecification","valueRequired":true,"valueName":"search_term_string"}}],"inLanguage":"fr-CA"},{"@type":"Organization","@id":"https:\/\/broomconstruction.com\/#organization","name":"Broom Construction","url":"https:\/\/broomconstruction.com\/","logo":{"@type":"ImageObject","inLanguage":"fr-CA","@id":"https:\/\/broomconstruction.com\/#\/schema\/logo\/image\/","url":"https:\/\/i0.wp.com\/broomconstruction.com\/wp-content\/uploads\/2016\/06\/logo.jpg?fit=273%2C188&ssl=1","contentUrl":"https:\/\/i0.wp.com\/broomconstruction.com\/wp-content\/uploads\/2016\/06\/logo.jpg?fit=273%2C188&ssl=1","width":273,"height":188,"caption":"Broom Construction"},"image":{"@id":"https:\/\/broomconstruction.com\/#\/schema\/logo\/image\/"},"sameAs":["https:\/\/www.facebook.com\/broomconstruction","https:\/\/share.google\/EhZRs0RKwOFR4iYPL"]}]}},"jetpack_sharing_enabled":true,"_links":{"self":[{"href":"https:\/\/broomconstruction.com\/fr\/wp-json\/wp\/v2\/pages\/1209","targetHints":{"allow":["GET"]}}],"collection":[{"href":"https:\/\/broomconstruction.com\/fr\/wp-json\/wp\/v2\/pages"}],"about":[{"href":"https:\/\/broomconstruction.com\/fr\/wp-json\/wp\/v2\/types\/page"}],"author":[{"embeddable":true,"href":"https:\/\/broomconstruction.com\/fr\/wp-json\/wp\/v2\/users\/2"}],"replies":[{"embeddable":true,"href":"https:\/\/broomconstruction.com\/fr\/wp-json\/wp\/v2\/comments?post=1209"}],"version-history":[{"count":2,"href":"https:\/\/broomconstruction.com\/fr\/wp-json\/wp\/v2\/pages\/1209\/revisions"}],"predecessor-version":[{"id":1211,"href":"https:\/\/broomconstruction.com\/fr\/wp-json\/wp\/v2\/pages\/1209\/revisions\/1211"}],"wp:attachment":[{"href":"https:\/\/broomconstruction.com\/fr\/wp-json\/wp\/v2\/media?parent=1209"}],"curies":[{"name":"wp","href":"https:\/\/api.w.org\/{rel}","templated":true}]}}