{"id":787,"date":"2016-07-08T21:03:26","date_gmt":"2016-07-08T21:03:26","guid":{"rendered":"http:\/\/broomconstruction.com\/?page_id=787&#038;lang=fr"},"modified":"2016-08-04T01:10:00","modified_gmt":"2016-08-04T01:10:00","slug":"bois-franc-dingenierie","status":"publish","type":"page","link":"https:\/\/broomconstruction.com\/fr\/bois-franc-dingenierie\/","title":{"rendered":"Bois franc d&#8217;ing\u00e9nierie"},"content":{"rendered":"<body><\/div><\/div><\/div><!-- close content main div --><\/div><\/div><div id='pages-title' class='avia-section main_color avia-section-small avia-no-shadow avia-bg-style-scroll   av-minimum-height av-minimum-height-custom container_wrap sidebar_right'   ><div class='container' style='height:20px'><div class='template-page content  av-content-small alpha units'><div class='post-entry post-entry-type-page post-entry-787'><div class='entry-content-wrapper clearfix'>\n<div style='height:1px; margin-top:-44px'  class='hr hr-invisible  '><span class='hr-inner ' ><span class='hr-inner-style'><\/span><\/span><\/div>\n<div style='padding-bottom:10px;font-size:30px;' class='av-special-heading av-special-heading-h1  blockquote modern-quote   av-inherit-size'><h1 class='av-special-heading-tag'  itemprop=\"headline\"  ><span class=\"page-titles-span\">Bois franc d\u2019ing\u00e9nierie<\/span><\/h1><div class='special-heading-border'><div class='special-heading-inner-border' ><\/div><\/div><\/div><br>\n<\/div><\/div><\/div><!-- close content main div --><\/div><\/div><div id='after_section_1' class='main_color av_default_container_wrap container_wrap sidebar_right'   ><div class='container' ><div class='template-page content  av-content-small alpha units'><div class='post-entry post-entry-type-page post-entry-787'><div class='entry-content-wrapper clearfix'>\n<div class='avia-image-container  av-styling-    avia-align-center '  itemscope=\"itemscope\" itemtype=\"https:\/\/schema.org\/ImageObject\"  ><div class='avia-image-container-inner'><img class='avia_image ' src='https:\/\/i0.wp.com\/broomconstruction.com\/wp-content\/uploads\/2016\/06\/11.jpg?fit=1030%2C775&ssl=1' alt='' title='Engineered Hardwood'   itemprop=\"contentURL\"  \/><\/div><\/div>\n<div class=\"flex_column av_one_full  flex_column_div av-zero-column-padding first  \" style='border-radius:0px; '><p><div style='height:50px' class='hr hr-invisible  '><span class='hr-inner ' ><span class='hr-inner-style'><\/span><\/span><\/div><br \/>\n<section class=\"av_textblock_section\"  itemscope=\"itemscope\" itemtype=\"https:\/\/schema.org\/CreativeWork\" ><div class='avia_textblock '   itemprop=\"text\" ><h2>Services d\u2019installation de bois franc d\u2019ing\u00e9nierie abordables dans la r\u00e9gion d\u2019Ottawa et Gatineau.<\/h2>\n<\/div><\/section><br \/>\n<div style='height:50px' class='hr hr-invisible  '><span class='hr-inner ' ><span class='hr-inner-style'><\/span><\/span><\/div><br \/>\n<section class=\"av_textblock_section\"  itemscope=\"itemscope\" itemtype=\"https:\/\/schema.org\/CreativeWork\" ><div class='avia_textblock '   itemprop=\"text\" ><p>Le bois franc d\u2019ing\u00e9rierie ajoute beaut\u00e9, durabilit\u00e9 et chaleur \u00e0 votre maison. Le bois franc d\u2019ing\u00e9nierie est con\u00e7u de plusieurs couches de bois assembl\u00e9es par la chaleur et la pression.<\/p>\n<p>Disponible en plusieurs \u00e9paisseurs, ce qui rend le processus d\u2019adaptation \u00e0 diff\u00e9rentes installations moins difficile et \u00e9limine les transitions g\u00eanantes d\u2019un plancher \u00e0 l\u2019autre. Le bois franc d\u2019ing\u00e9nierie est disponible dans plusieures couleurs, types de bois et finis.<\/p>\n<p>Appelez- nous pour une estimation d\u2019installation de bois franc d\u2019ing\u00e9nierie gratuite et sans obligation.<\/p>\n<\/div><\/section><\/p><\/div><div style='height:30px' class='hr hr-invisible  '><span class='hr-inner ' ><span class='hr-inner-style'><\/span><\/span><\/div><\/p>\n<div class=\"flex_column av_one_half  flex_column_div av-zero-column-padding first  \" style='border-radius:0px; '><div class='avia-button-wrap avia-button-center  sub-page-button'><a href='https:\/\/broomconstruction.com\/fr\/citation\/' class='avia-button avia-button-fullwidth  avia-icon_select-yes-left-icon avia-color-green '  style='color:#ffffff; ' ><span class='avia_button_icon avia_button_icon_left ' aria-hidden='true' data-av_icon='\ue854' data-av_iconfont='entypo-fontello'><\/span><span class='avia_iconbox_title' > | Appelez d\u00e8s aujourd\u2019hui: 1-888-508-3005<\/span><span class='avia_button_background avia-button avia-button-fullwidth avia-color-orange' ><\/span><\/a><\/div><\/div>\n<\/body>","protected":false},"excerpt":{"rendered":"","protected":false},"author":1,"featured_media":0,"parent":0,"menu_order":0,"comment_status":"closed","ping_status":"closed","template":"","meta":{"nf_dc_page":"","footnotes":""},"class_list":["post-787","page","type-page","status-publish","hentry"],"yoast_head":"<!-- This site is optimized with the Yoast SEO plugin v26.9 - https:\/\/yoast.com\/product\/yoast-seo-wordpress\/ -->\n<title>Bois franc d&#039;ing\u00e9nierie - Broom Construction<\/title>\n<meta name=\"robots\" content=\"index, follow, max-snippet:-1, max-image-preview:large, max-video-preview:-1\" \/>\n<link rel=\"canonical\" href=\"https:\/\/broomconstruction.com\/engineered-hardwood\/\" \/>\n<meta property=\"og:locale\" content=\"fr_CA\" \/>\n<meta property=\"og:type\" content=\"article\" \/>\n<meta property=\"og:title\" content=\"Bois franc d&#039;ing\u00e9nierie - Broom Construction\" \/>\n<meta property=\"og:url\" content=\"https:\/\/broomconstruction.com\/engineered-hardwood\/\" \/>\n<meta property=\"og:site_name\" content=\"Broom Construction\" \/>\n<meta property=\"article:publisher\" content=\"https:\/\/www.facebook.com\/broomconstruction\" \/>\n<meta property=\"article:modified_time\" content=\"2016-08-04T01:10:00+00:00\" \/>\n<meta name=\"twitter:card\" content=\"summary_large_image\" \/>\n<meta name=\"twitter:label1\" content=\"Est. reading time\" \/>\n\t<meta name=\"twitter:data1\" content=\"3 minutes\" \/>\n<script type=\"application\/ld+json\" class=\"yoast-schema-graph\">{\"@context\":\"https:\/\/schema.org\",\"@graph\":[{\"@type\":\"WebPage\",\"@id\":\"https:\/\/broomconstruction.com\/engineered-hardwood\/\",\"url\":\"https:\/\/broomconstruction.com\/engineered-hardwood\/\",\"name\":\"Bois franc d'ing\u00e9nierie - Broom Construction\",\"isPartOf\":{\"@id\":\"https:\/\/broomconstruction.com\/#website\"},\"datePublished\":\"2016-07-08T21:03:26+00:00\",\"dateModified\":\"2016-08-04T01:10:00+00:00\",\"breadcrumb\":{\"@id\":\"https:\/\/broomconstruction.com\/engineered-hardwood\/#breadcrumb\"},\"inLanguage\":\"fr-CA\",\"potentialAction\":[{\"@type\":\"ReadAction\",\"target\":[\"https:\/\/broomconstruction.com\/engineered-hardwood\/\"]}]},{\"@type\":\"BreadcrumbList\",\"@id\":\"https:\/\/broomconstruction.com\/engineered-hardwood\/#breadcrumb\",\"itemListElement\":[{\"@type\":\"ListItem\",\"position\":1,\"name\":\"Home\",\"item\":\"https:\/\/broomconstruction.com\/fr\/\"},{\"@type\":\"ListItem\",\"position\":2,\"name\":\"Bois franc d&#8217;ing\u00e9nierie\"}]},{\"@type\":\"WebSite\",\"@id\":\"https:\/\/broomconstruction.com\/#website\",\"url\":\"https:\/\/broomconstruction.com\/\",\"name\":\"Broom Construction\",\"description\":\"Ottawa Painting, Roofing &amp; Renovations\",\"publisher\":{\"@id\":\"https:\/\/broomconstruction.com\/#organization\"},\"potentialAction\":[{\"@type\":\"SearchAction\",\"target\":{\"@type\":\"EntryPoint\",\"urlTemplate\":\"https:\/\/broomconstruction.com\/?s={search_term_string}\"},\"query-input\":{\"@type\":\"PropertyValueSpecification\",\"valueRequired\":true,\"valueName\":\"search_term_string\"}}],\"inLanguage\":\"fr-CA\"},{\"@type\":\"Organization\",\"@id\":\"https:\/\/broomconstruction.com\/#organization\",\"name\":\"Broom Construction\",\"url\":\"https:\/\/broomconstruction.com\/\",\"logo\":{\"@type\":\"ImageObject\",\"inLanguage\":\"fr-CA\",\"@id\":\"https:\/\/broomconstruction.com\/#\/schema\/logo\/image\/\",\"url\":\"https:\/\/i0.wp.com\/broomconstruction.com\/wp-content\/uploads\/2016\/06\/logo.jpg?fit=273%2C188&ssl=1\",\"contentUrl\":\"https:\/\/i0.wp.com\/broomconstruction.com\/wp-content\/uploads\/2016\/06\/logo.jpg?fit=273%2C188&ssl=1\",\"width\":273,\"height\":188,\"caption\":\"Broom Construction\"},\"image\":{\"@id\":\"https:\/\/broomconstruction.com\/#\/schema\/logo\/image\/\"},\"sameAs\":[\"https:\/\/www.facebook.com\/broomconstruction\",\"https:\/\/share.google\/EhZRs0RKwOFR4iYPL\"]}]}<\/script>\n<!-- \/ Yoast SEO plugin. -->","yoast_head_json":{"title":"Bois franc d'ing\u00e9nierie - Broom Construction","robots":{"index":"index","follow":"follow","max-snippet":"max-snippet:-1","max-image-preview":"max-image-preview:large","max-video-preview":"max-video-preview:-1"},"canonical":"https:\/\/broomconstruction.com\/engineered-hardwood\/","og_locale":"fr_CA","og_type":"article","og_title":"Bois franc d'ing\u00e9nierie - Broom Construction","og_url":"https:\/\/broomconstruction.com\/engineered-hardwood\/","og_site_name":"Broom Construction","article_publisher":"https:\/\/www.facebook.com\/broomconstruction","article_modified_time":"2016-08-04T01:10:00+00:00","twitter_card":"summary_large_image","twitter_misc":{"Est. reading time":"3 minutes"},"schema":{"@context":"https:\/\/schema.org","@graph":[{"@type":"WebPage","@id":"https:\/\/broomconstruction.com\/engineered-hardwood\/","url":"https:\/\/broomconstruction.com\/engineered-hardwood\/","name":"Bois franc d'ing\u00e9nierie - Broom Construction","isPartOf":{"@id":"https:\/\/broomconstruction.com\/#website"},"datePublished":"2016-07-08T21:03:26+00:00","dateModified":"2016-08-04T01:10:00+00:00","breadcrumb":{"@id":"https:\/\/broomconstruction.com\/engineered-hardwood\/#breadcrumb"},"inLanguage":"fr-CA","potentialAction":[{"@type":"ReadAction","target":["https:\/\/broomconstruction.com\/engineered-hardwood\/"]}]},{"@type":"BreadcrumbList","@id":"https:\/\/broomconstruction.com\/engineered-hardwood\/#breadcrumb","itemListElement":[{"@type":"ListItem","position":1,"name":"Home","item":"https:\/\/broomconstruction.com\/fr\/"},{"@type":"ListItem","position":2,"name":"Bois franc d&#8217;ing\u00e9nierie"}]},{"@type":"WebSite","@id":"https:\/\/broomconstruction.com\/#website","url":"https:\/\/broomconstruction.com\/","name":"Broom Construction","description":"Ottawa Painting, Roofing &amp; Renovations","publisher":{"@id":"https:\/\/broomconstruction.com\/#organization"},"potentialAction":[{"@type":"SearchAction","target":{"@type":"EntryPoint","urlTemplate":"https:\/\/broomconstruction.com\/?s={search_term_string}"},"query-input":{"@type":"PropertyValueSpecification","valueRequired":true,"valueName":"search_term_string"}}],"inLanguage":"fr-CA"},{"@type":"Organization","@id":"https:\/\/broomconstruction.com\/#organization","name":"Broom Construction","url":"https:\/\/broomconstruction.com\/","logo":{"@type":"ImageObject","inLanguage":"fr-CA","@id":"https:\/\/broomconstruction.com\/#\/schema\/logo\/image\/","url":"https:\/\/i0.wp.com\/broomconstruction.com\/wp-content\/uploads\/2016\/06\/logo.jpg?fit=273%2C188&ssl=1","contentUrl":"https:\/\/i0.wp.com\/broomconstruction.com\/wp-content\/uploads\/2016\/06\/logo.jpg?fit=273%2C188&ssl=1","width":273,"height":188,"caption":"Broom Construction"},"image":{"@id":"https:\/\/broomconstruction.com\/#\/schema\/logo\/image\/"},"sameAs":["https:\/\/www.facebook.com\/broomconstruction","https:\/\/share.google\/EhZRs0RKwOFR4iYPL"]}]}},"jetpack_sharing_enabled":true,"_links":{"self":[{"href":"https:\/\/broomconstruction.com\/fr\/wp-json\/wp\/v2\/pages\/787","targetHints":{"allow":["GET"]}}],"collection":[{"href":"https:\/\/broomconstruction.com\/fr\/wp-json\/wp\/v2\/pages"}],"about":[{"href":"https:\/\/broomconstruction.com\/fr\/wp-json\/wp\/v2\/types\/page"}],"author":[{"embeddable":true,"href":"https:\/\/broomconstruction.com\/fr\/wp-json\/wp\/v2\/users\/1"}],"replies":[{"embeddable":true,"href":"https:\/\/broomconstruction.com\/fr\/wp-json\/wp\/v2\/comments?post=787"}],"version-history":[{"count":3,"href":"https:\/\/broomconstruction.com\/fr\/wp-json\/wp\/v2\/pages\/787\/revisions"}],"predecessor-version":[{"id":1143,"href":"https:\/\/broomconstruction.com\/fr\/wp-json\/wp\/v2\/pages\/787\/revisions\/1143"}],"wp:attachment":[{"href":"https:\/\/broomconstruction.com\/fr\/wp-json\/wp\/v2\/media?parent=787"}],"curies":[{"name":"wp","href":"https:\/\/api.w.org\/{rel}","templated":true}]}}