{"id":791,"date":"2016-07-08T21:08:43","date_gmt":"2016-07-08T21:08:43","guid":{"rendered":"http:\/\/broomconstruction.com\/?page_id=791&#038;lang=fr"},"modified":"2016-08-04T00:16:10","modified_gmt":"2016-08-04T00:16:10","slug":"peinture-exterieure","status":"publish","type":"page","link":"https:\/\/broomconstruction.com\/fr\/peinture-exterieure\/","title":{"rendered":"Services de peinture ext\u00e9rieure"},"content":{"rendered":"<body><\/div><\/div><\/div><!-- close content main div --><\/div><\/div><div id='pages-title' class='avia-section main_color avia-section-small avia-no-shadow avia-bg-style-scroll   av-minimum-height av-minimum-height-custom container_wrap sidebar_right'   ><div class='container' style='height:20px'><div class='template-page content  av-content-small alpha units'><div class='post-entry post-entry-type-page post-entry-791'><div class='entry-content-wrapper clearfix'>\n<div style='height:1px; margin-top:-44px'  class='hr hr-invisible  '><span class='hr-inner ' ><span class='hr-inner-style'><\/span><\/span><\/div>\n<div style='padding-bottom:10px;font-size:30px;' class='av-special-heading av-special-heading-h1  blockquote modern-quote   av-inherit-size'><h1 class='av-special-heading-tag'  itemprop=\"headline\"  ><span class=\"page-titles-span\">Services de peinture ext\u00e9rieure <\/span><\/h1><div class='special-heading-border'><div class='special-heading-inner-border' ><\/div><\/div><\/div>\n<\/div><\/div><\/div><!-- close content main div --><\/div><\/div><div id='after_section_1' class='main_color av_default_container_wrap container_wrap sidebar_right'   ><div class='container' ><div class='template-page content  av-content-small alpha units'><div class='post-entry post-entry-type-page post-entry-791'><div class='entry-content-wrapper clearfix'><div  class='avia-video avia-video-16-9  '  itemprop=\"video\" itemtype=\"https:\/\/schema.org\/VideoObject\" ><div class='avia-iframe-wrap'><iframe loading=\"lazy\" width=\"1500\" height=\"844\" src=\"https:\/\/www.youtube.com\/embed\/ITLCk_vIwbM?feature=oembed\" frameborder=\"0\" allowfullscreen><\/iframe><\/div><\/div><\/p>\n<div class=\"flex_column av_one_full  flex_column_div av-zero-column-padding first  \" style='border-radius:0px; '><p><div style='height:50px' class='hr hr-invisible  '><span class='hr-inner ' ><span class='hr-inner-style'><\/span><\/span><\/div><br \/>\n<section class=\"av_textblock_section\"  itemscope=\"itemscope\" itemtype=\"https:\/\/schema.org\/CreativeWork\" ><div class='avia_textblock '   itemprop=\"text\" ><h2>Services de peinture et teinture ext\u00e9rieure professionnels dans la r\u00e9gion de Gatineau\/Ottawa.<\/h2>\n<\/div><\/section><br \/>\n<div style='height:50px' class='hr hr-invisible  '><span class='hr-inner ' ><span class='hr-inner-style'><\/span><\/span><\/div><br \/>\n<section class=\"av_textblock_section\"  itemscope=\"itemscope\" itemtype=\"https:\/\/schema.org\/CreativeWork\" ><div class='avia_textblock '   itemprop=\"text\" ><h3>Bienvenu \u00e0 Broom Painting, votre choix num\u00e9ro 1 pour des services de peinture et teinte ext\u00e9rieure, par des experts sur lesquels vous pouvez compter.<\/h3>\n<\/div><\/section><br \/>\n<div style='height:30px' class='hr hr-invisible  '><span class='hr-inner ' ><span class='hr-inner-style'><\/span><\/span><\/div><br \/>\n<section class=\"av_textblock_section\"  itemscope=\"itemscope\" itemtype=\"https:\/\/schema.org\/CreativeWork\" ><div class='avia_textblock '   itemprop=\"text\" ><p>Nous prenons soins de tous les aspects de l\u2019ext\u00e9rieur de votre maison. Des fen\u00eatres et portes aux murs ext\u00e9rieurs et cl\u00f4turage. Besoin de compl\u00e9ter des travaux de peinture ext\u00e9rieurs? Contactez-nous et nous serons ravis de venir vous rencontrer \u00e0 domicile pour vous offrir une estimation gratuite.<\/p>\n<\/div><\/section><br \/>\n<div style='height:30px' class='hr hr-invisible  '><span class='hr-inner ' ><span class='hr-inner-style'><\/span><\/span><\/div><br \/>\n<section class=\"av_textblock_section\"  itemscope=\"itemscope\" itemtype=\"https:\/\/schema.org\/CreativeWork\" ><div class='avia_textblock '   itemprop=\"text\" ><p>Ce que vous pouvez attendre de nous:<\/p>\n<p>Un beau produit final commence avec une pr\u00e9paration appropri\u00e9e des surfaces et des \u00e8res environnantes. La surface sera lav\u00e9e \u00e0 pression pour enlever la poussi\u00e8re et la peinture. Un sablage et d\u00e9capage assurera que la surface est enti\u00e8rement bien pr\u00e9par\u00e9e. Ceci assure une adh\u00e9sion id\u00e9ale pour la peinture\/teinture.<\/p>\n<\/div><\/section><\/p><\/div><div style='height:30px' class='hr hr-invisible  '><span class='hr-inner ' ><span class='hr-inner-style'><\/span><\/span><\/div><\/p>\n<section class=\"av_textblock_section\"  itemscope=\"itemscope\" itemtype=\"https:\/\/schema.org\/CreativeWork\" ><div class='avia_textblock '   itemprop=\"text\" ><p>Avec nos ann\u00e9es d\u2019exp\u00e9rience utilisant une multitude de produits, nous utilisons que des produits auxquels nous faisons confiance et qui passeront le test du temps.<\/p>\n<p>Nos services les plus populaires sont:<\/p>\n<ul>\n<li>Sablage et peinture de galeries et balcons?<\/li>\n<li>Peinture de portes ext\u00e9rieures<\/li>\n<li>Peinture et teinte de cl\u00f4tures<\/li>\n<li>Peinture de stuc<\/li>\n<li>Peinture et teinte de recouvrement ext\u00e9rieur en bois<\/li>\n<li>Peinture et teinte de recouvrement ext\u00e9rieur en aluminium<\/li>\n<li>Peinture et teinte de recouvrement ext\u00e9rieur en aluminium<\/li>\n<li>Peinture et teinte de moulures ext\u00e9rieures<\/li>\n<li>Peinture et teinte de fen\u00eatres ext\u00e9rieures<\/li>\n<li>Peinture et teinte de brique<\/li>\n<li>Peinture et teinte de soffites et fascias<\/li>\n<\/ul>\n<\/div><\/section>\n<div style='height:30px' class='hr hr-invisible  '><span class='hr-inner ' ><span class='hr-inner-style'><\/span><\/span><\/div>\n<section class=\"av_textblock_section\"  itemscope=\"itemscope\" itemtype=\"https:\/\/schema.org\/CreativeWork\" ><div class='avia_textblock '   itemprop=\"text\" ><p>Nous pouvons vous offrir des conseils d\u2019experts pour vos couleurs \u2013 avec la grande quantit\u00e9 de maisons peintur\u00e9es dans la r\u00e9gion d\u2019Ottawa et Gatineau nous avons l\u2019oeil pour ce qui parait bien et moins bien. Nous serons heureux de vous fournir des choix de couleurs et agencements si vous n\u2019\u00eates pas certain par o\u00f9 commencer.<\/p>\n<p>Nous sommes ici pour embellir votre maison. Cela inclut respecter votre maison et votre famille lors du d\u00e9roulement de nos travaux. Nous prot\u00e8gons votre maison et nous assurons de laisser les lieux en meilleure conditions que nous les avons trouv\u00e9s. Nous serons heureux de r\u00e9pondre \u00e0 toutes vos questions \u00e0 tout moment, avant, pendant et apr\u00e8s les travaux.<\/p>\n<\/div><\/section>\n<div style='height:30px' class='hr hr-invisible  '><span class='hr-inner ' ><span class='hr-inner-style'><\/span><\/span><\/div>\n<div class=\"flex_column av_one_half  flex_column_div av-zero-column-padding first  \" style='border-radius:0px; '><div class='avia-button-wrap avia-button-center  sub-page-button'><a href='https:\/\/broomconstruction.com\/fr\/citation\/' class='avia-button avia-button-fullwidth  avia-icon_select-yes-left-icon avia-color-green '  style='color:#ffffff; ' ><span class='avia_button_icon avia_button_icon_left ' aria-hidden='true' data-av_icon='\ue854' data-av_iconfont='entypo-fontello'><\/span><span class='avia_iconbox_title' > | Appelez d\u00e8s aujourd\u2019hui: 1-888-508-3005<\/span><span class='avia_button_background avia-button avia-button-fullwidth avia-color-orange' ><\/span><\/a><\/div><\/div>\n<\/p><\/body>","protected":false},"excerpt":{"rendered":"","protected":false},"author":1,"featured_media":0,"parent":0,"menu_order":0,"comment_status":"closed","ping_status":"closed","template":"","meta":{"nf_dc_page":"","footnotes":""},"class_list":["post-791","page","type-page","status-publish","hentry"],"yoast_head":"<!-- This site is optimized with the Yoast SEO plugin v26.9 - https:\/\/yoast.com\/product\/yoast-seo-wordpress\/ -->\n<title>Services de peinture ext\u00e9rieure - Broom Construction<\/title>\n<meta name=\"robots\" content=\"index, follow, max-snippet:-1, max-image-preview:large, max-video-preview:-1\" \/>\n<link rel=\"canonical\" href=\"https:\/\/broomconstruction.com\/exterior-painting\/\" \/>\n<meta property=\"og:locale\" content=\"fr_CA\" \/>\n<meta property=\"og:type\" content=\"article\" \/>\n<meta property=\"og:title\" content=\"Services de peinture ext\u00e9rieure - Broom Construction\" \/>\n<meta property=\"og:url\" content=\"https:\/\/broomconstruction.com\/exterior-painting\/\" \/>\n<meta property=\"og:site_name\" content=\"Broom Construction\" \/>\n<meta property=\"article:publisher\" content=\"https:\/\/www.facebook.com\/broomconstruction\" \/>\n<meta property=\"article:modified_time\" content=\"2016-08-04T00:16:10+00:00\" \/>\n<meta name=\"twitter:card\" content=\"summary_large_image\" \/>\n<meta name=\"twitter:label1\" content=\"Est. reading time\" \/>\n\t<meta name=\"twitter:data1\" content=\"6 minutes\" \/>\n<script type=\"application\/ld+json\" class=\"yoast-schema-graph\">{\"@context\":\"https:\/\/schema.org\",\"@graph\":[{\"@type\":\"WebPage\",\"@id\":\"https:\/\/broomconstruction.com\/exterior-painting\/\",\"url\":\"https:\/\/broomconstruction.com\/exterior-painting\/\",\"name\":\"Services de peinture ext\u00e9rieure - Broom Construction\",\"isPartOf\":{\"@id\":\"https:\/\/broomconstruction.com\/#website\"},\"datePublished\":\"2016-07-08T21:08:43+00:00\",\"dateModified\":\"2016-08-04T00:16:10+00:00\",\"breadcrumb\":{\"@id\":\"https:\/\/broomconstruction.com\/exterior-painting\/#breadcrumb\"},\"inLanguage\":\"fr-CA\",\"potentialAction\":[{\"@type\":\"ReadAction\",\"target\":[\"https:\/\/broomconstruction.com\/exterior-painting\/\"]}]},{\"@type\":\"BreadcrumbList\",\"@id\":\"https:\/\/broomconstruction.com\/exterior-painting\/#breadcrumb\",\"itemListElement\":[{\"@type\":\"ListItem\",\"position\":1,\"name\":\"Home\",\"item\":\"https:\/\/broomconstruction.com\/fr\/\"},{\"@type\":\"ListItem\",\"position\":2,\"name\":\"Services de peinture ext\u00e9rieure\"}]},{\"@type\":\"WebSite\",\"@id\":\"https:\/\/broomconstruction.com\/#website\",\"url\":\"https:\/\/broomconstruction.com\/\",\"name\":\"Broom Construction\",\"description\":\"Ottawa Painting, Roofing &amp; Renovations\",\"publisher\":{\"@id\":\"https:\/\/broomconstruction.com\/#organization\"},\"potentialAction\":[{\"@type\":\"SearchAction\",\"target\":{\"@type\":\"EntryPoint\",\"urlTemplate\":\"https:\/\/broomconstruction.com\/?s={search_term_string}\"},\"query-input\":{\"@type\":\"PropertyValueSpecification\",\"valueRequired\":true,\"valueName\":\"search_term_string\"}}],\"inLanguage\":\"fr-CA\"},{\"@type\":\"Organization\",\"@id\":\"https:\/\/broomconstruction.com\/#organization\",\"name\":\"Broom Construction\",\"url\":\"https:\/\/broomconstruction.com\/\",\"logo\":{\"@type\":\"ImageObject\",\"inLanguage\":\"fr-CA\",\"@id\":\"https:\/\/broomconstruction.com\/#\/schema\/logo\/image\/\",\"url\":\"https:\/\/i0.wp.com\/broomconstruction.com\/wp-content\/uploads\/2016\/06\/logo.jpg?fit=273%2C188&ssl=1\",\"contentUrl\":\"https:\/\/i0.wp.com\/broomconstruction.com\/wp-content\/uploads\/2016\/06\/logo.jpg?fit=273%2C188&ssl=1\",\"width\":273,\"height\":188,\"caption\":\"Broom Construction\"},\"image\":{\"@id\":\"https:\/\/broomconstruction.com\/#\/schema\/logo\/image\/\"},\"sameAs\":[\"https:\/\/www.facebook.com\/broomconstruction\",\"https:\/\/share.google\/EhZRs0RKwOFR4iYPL\"]}]}<\/script>\n<!-- \/ Yoast SEO plugin. -->","yoast_head_json":{"title":"Services de peinture ext\u00e9rieure - Broom Construction","robots":{"index":"index","follow":"follow","max-snippet":"max-snippet:-1","max-image-preview":"max-image-preview:large","max-video-preview":"max-video-preview:-1"},"canonical":"https:\/\/broomconstruction.com\/exterior-painting\/","og_locale":"fr_CA","og_type":"article","og_title":"Services de peinture ext\u00e9rieure - Broom Construction","og_url":"https:\/\/broomconstruction.com\/exterior-painting\/","og_site_name":"Broom Construction","article_publisher":"https:\/\/www.facebook.com\/broomconstruction","article_modified_time":"2016-08-04T00:16:10+00:00","twitter_card":"summary_large_image","twitter_misc":{"Est. reading time":"6 minutes"},"schema":{"@context":"https:\/\/schema.org","@graph":[{"@type":"WebPage","@id":"https:\/\/broomconstruction.com\/exterior-painting\/","url":"https:\/\/broomconstruction.com\/exterior-painting\/","name":"Services de peinture ext\u00e9rieure - Broom Construction","isPartOf":{"@id":"https:\/\/broomconstruction.com\/#website"},"datePublished":"2016-07-08T21:08:43+00:00","dateModified":"2016-08-04T00:16:10+00:00","breadcrumb":{"@id":"https:\/\/broomconstruction.com\/exterior-painting\/#breadcrumb"},"inLanguage":"fr-CA","potentialAction":[{"@type":"ReadAction","target":["https:\/\/broomconstruction.com\/exterior-painting\/"]}]},{"@type":"BreadcrumbList","@id":"https:\/\/broomconstruction.com\/exterior-painting\/#breadcrumb","itemListElement":[{"@type":"ListItem","position":1,"name":"Home","item":"https:\/\/broomconstruction.com\/fr\/"},{"@type":"ListItem","position":2,"name":"Services de peinture ext\u00e9rieure"}]},{"@type":"WebSite","@id":"https:\/\/broomconstruction.com\/#website","url":"https:\/\/broomconstruction.com\/","name":"Broom Construction","description":"Ottawa Painting, Roofing &amp; Renovations","publisher":{"@id":"https:\/\/broomconstruction.com\/#organization"},"potentialAction":[{"@type":"SearchAction","target":{"@type":"EntryPoint","urlTemplate":"https:\/\/broomconstruction.com\/?s={search_term_string}"},"query-input":{"@type":"PropertyValueSpecification","valueRequired":true,"valueName":"search_term_string"}}],"inLanguage":"fr-CA"},{"@type":"Organization","@id":"https:\/\/broomconstruction.com\/#organization","name":"Broom Construction","url":"https:\/\/broomconstruction.com\/","logo":{"@type":"ImageObject","inLanguage":"fr-CA","@id":"https:\/\/broomconstruction.com\/#\/schema\/logo\/image\/","url":"https:\/\/i0.wp.com\/broomconstruction.com\/wp-content\/uploads\/2016\/06\/logo.jpg?fit=273%2C188&ssl=1","contentUrl":"https:\/\/i0.wp.com\/broomconstruction.com\/wp-content\/uploads\/2016\/06\/logo.jpg?fit=273%2C188&ssl=1","width":273,"height":188,"caption":"Broom Construction"},"image":{"@id":"https:\/\/broomconstruction.com\/#\/schema\/logo\/image\/"},"sameAs":["https:\/\/www.facebook.com\/broomconstruction","https:\/\/share.google\/EhZRs0RKwOFR4iYPL"]}]}},"jetpack_sharing_enabled":true,"_links":{"self":[{"href":"https:\/\/broomconstruction.com\/fr\/wp-json\/wp\/v2\/pages\/791","targetHints":{"allow":["GET"]}}],"collection":[{"href":"https:\/\/broomconstruction.com\/fr\/wp-json\/wp\/v2\/pages"}],"about":[{"href":"https:\/\/broomconstruction.com\/fr\/wp-json\/wp\/v2\/types\/page"}],"author":[{"embeddable":true,"href":"https:\/\/broomconstruction.com\/fr\/wp-json\/wp\/v2\/users\/1"}],"replies":[{"embeddable":true,"href":"https:\/\/broomconstruction.com\/fr\/wp-json\/wp\/v2\/comments?post=791"}],"version-history":[{"count":4,"href":"https:\/\/broomconstruction.com\/fr\/wp-json\/wp\/v2\/pages\/791\/revisions"}],"predecessor-version":[{"id":1113,"href":"https:\/\/broomconstruction.com\/fr\/wp-json\/wp\/v2\/pages\/791\/revisions\/1113"}],"wp:attachment":[{"href":"https:\/\/broomconstruction.com\/fr\/wp-json\/wp\/v2\/media?parent=791"}],"curies":[{"name":"wp","href":"https:\/\/api.w.org\/{rel}","templated":true}]}}