{"id":799,"date":"2016-07-08T21:20:32","date_gmt":"2016-07-08T21:20:32","guid":{"rendered":"http:\/\/broomconstruction.com\/?page_id=799&#038;lang=fr"},"modified":"2016-08-04T00:37:11","modified_gmt":"2016-08-04T00:37:11","slug":"escrime","status":"publish","type":"page","link":"https:\/\/broomconstruction.com\/fr\/escrime\/","title":{"rendered":"Cl\u00f4turage"},"content":{"rendered":"<body><\/div><\/div><\/div><!-- close content main div --><\/div><\/div><div id='pages-title' class='avia-section main_color avia-section-small avia-no-shadow avia-bg-style-scroll   av-minimum-height av-minimum-height-custom container_wrap sidebar_right'   ><div class='container' style='height:20px'><div class='template-page content  av-content-small alpha units'><div class='post-entry post-entry-type-page post-entry-799'><div class='entry-content-wrapper clearfix'>\n<div style='height:1px; margin-top:-44px'  class='hr hr-invisible  '><span class='hr-inner ' ><span class='hr-inner-style'><\/span><\/span><\/div>\n<div style='padding-bottom:10px;font-size:30px;' class='av-special-heading av-special-heading-h1  blockquote modern-quote   av-inherit-size'><h1 class='av-special-heading-tag'  itemprop=\"headline\"  ><span class=\"page-titles-span\">Cl\u00f4turage<\/span><\/h1><div class='special-heading-border'><div class='special-heading-inner-border' ><\/div><\/div><\/div>\n<\/div><\/div><\/div><!-- close content main div --><\/div><\/div><div id='after_section_1' class='main_color av_default_container_wrap container_wrap sidebar_right'   ><div class='container' ><div class='template-page content  av-content-small alpha units'><div class='post-entry post-entry-type-page post-entry-799'><div class='entry-content-wrapper clearfix'><div class='avia-image-container  av-styling-    avia-align-center '  itemscope=\"itemscope\" itemtype=\"https:\/\/schema.org\/ImageObject\"  ><div class='avia-image-container-inner'><img class='avia_image ' src='https:\/\/i0.wp.com\/broomconstruction.com\/wp-content\/uploads\/2016\/06\/15.jpg?fit=1030%2C773&ssl=1' alt='' title='Fencing'   itemprop=\"contentURL\"  \/><\/div><\/div><\/p>\n<div class=\"flex_column av_one_full  flex_column_div av-zero-column-padding first  \" style='border-radius:0px; '><p><div style='height:50px' class='hr hr-invisible  '><span class='hr-inner ' ><span class='hr-inner-style'><\/span><\/span><\/div><br \/>\n<section class=\"av_textblock_section\"  itemscope=\"itemscope\" itemtype=\"https:\/\/schema.org\/CreativeWork\" ><div class='avia_textblock '   itemprop=\"text\" ><h2>Nous nous sp\u00e9cialisons dans la fabrication de cl\u00f4tures \u00e0 partir de diff\u00e9rents types de mat\u00e9riaux tels que, mais pas limit\u00e9s au cl\u00f4tures de bois, cl\u00f4tures de composite, cl\u00f4tures en m\u00e9tal et cl\u00f4tures en aluminium.<\/h2>\n<\/div><\/section><br \/>\n<div style='height:50px' class='hr hr-invisible  '><span class='hr-inner ' ><span class='hr-inner-style'><\/span><\/span><\/div><br \/>\n<section class=\"av_textblock_section\"  itemscope=\"itemscope\" itemtype=\"https:\/\/schema.org\/CreativeWork\" ><div class='avia_textblock '   itemprop=\"text\" ><p>Le cl\u00f4turage est une excellente fa\u00e7on d\u2019agr\u00e9menter le look de votre propri\u00e9t\u00e9 tout en gardant vos animaux de compagnie \u00e0 port\u00e9e de vue. Nous pouvons b\u00e2tir pour vous une nouvelle cl\u00f4ture en m\u00e9tal, aluminium ou bois trait\u00e9 \u00e0 pression.<\/p>\n<\/div><\/section><br \/>\n<section class=\"av_textblock_section\"  itemscope=\"itemscope\" itemtype=\"https:\/\/schema.org\/CreativeWork\" ><div class='avia_textblock '   itemprop=\"text\" ><p>Il est aussi possible pour nous de r\u00e9parer votre cl\u00f4ture existante et d\u2019y ajouter de la nouvelle peinture ou teinture pour la rafra\u00eechir pour un investissement moins dispendieux.<\/p>\n<\/div><\/section><\/p><\/div><section class=\"av_textblock_section\"  itemscope=\"itemscope\" itemtype=\"https:\/\/schema.org\/CreativeWork\" ><div class='avia_textblock '   itemprop=\"text\" ><p><strong>Broom Construction est un contracteur de cl\u00f4turage entri\u00e8rement liscenci\u00e9, assur\u00e9, cautionn\u00e9 et accr\u00e9dit\u00e9 avec le BBB dans la r\u00e9gion d\u2019Ottawa \/ Gatineau.<\/strong><\/p>\n<\/div><\/section><\/p>\n<div style='height:30px' class='hr hr-invisible  '><span class='hr-inner ' ><span class='hr-inner-style'><\/span><\/span><\/div>\n<div class=\"flex_column av_one_half  flex_column_div av-zero-column-padding first  \" style='border-radius:0px; '><div class='avia-button-wrap avia-button-center  sub-page-button'><a href='https:\/\/broomconstruction.com\/fr\/citation\/' class='avia-button avia-button-fullwidth  avia-icon_select-yes-left-icon avia-color-green '  style='color:#ffffff; ' ><span class='avia_button_icon avia_button_icon_left ' aria-hidden='true' data-av_icon='\ue854' data-av_iconfont='entypo-fontello'><\/span><span class='avia_iconbox_title' > | Appelez d\u00e8s aujourd\u2019hui: 1-888-508-3005<\/span><span class='avia_button_background avia-button avia-button-fullwidth avia-color-orange' ><\/span><\/a><\/div><\/div>\n<\/body>","protected":false},"excerpt":{"rendered":"","protected":false},"author":1,"featured_media":0,"parent":0,"menu_order":0,"comment_status":"closed","ping_status":"closed","template":"","meta":{"nf_dc_page":"","footnotes":""},"class_list":["post-799","page","type-page","status-publish","hentry"],"yoast_head":"<!-- This site is optimized with the Yoast SEO plugin v26.9 - https:\/\/yoast.com\/product\/yoast-seo-wordpress\/ -->\n<title>Cl\u00f4turage - Broom Construction<\/title>\n<meta name=\"robots\" content=\"index, follow, max-snippet:-1, max-image-preview:large, max-video-preview:-1\" \/>\n<link rel=\"canonical\" href=\"https:\/\/broomconstruction.com\/fencing\/\" \/>\n<meta property=\"og:locale\" content=\"fr_CA\" \/>\n<meta property=\"og:type\" content=\"article\" \/>\n<meta property=\"og:title\" content=\"Cl\u00f4turage - Broom Construction\" \/>\n<meta property=\"og:url\" content=\"https:\/\/broomconstruction.com\/fencing\/\" \/>\n<meta property=\"og:site_name\" content=\"Broom Construction\" \/>\n<meta property=\"article:publisher\" content=\"https:\/\/www.facebook.com\/broomconstruction\" \/>\n<meta property=\"article:modified_time\" content=\"2016-08-04T00:37:11+00:00\" \/>\n<meta name=\"twitter:card\" content=\"summary_large_image\" \/>\n<meta name=\"twitter:label1\" content=\"Est. reading time\" \/>\n\t<meta name=\"twitter:data1\" content=\"3 minutes\" \/>\n<script type=\"application\/ld+json\" class=\"yoast-schema-graph\">{\"@context\":\"https:\/\/schema.org\",\"@graph\":[{\"@type\":\"WebPage\",\"@id\":\"https:\/\/broomconstruction.com\/fencing\/\",\"url\":\"https:\/\/broomconstruction.com\/fencing\/\",\"name\":\"Cl\u00f4turage - Broom Construction\",\"isPartOf\":{\"@id\":\"https:\/\/broomconstruction.com\/#website\"},\"datePublished\":\"2016-07-08T21:20:32+00:00\",\"dateModified\":\"2016-08-04T00:37:11+00:00\",\"breadcrumb\":{\"@id\":\"https:\/\/broomconstruction.com\/fencing\/#breadcrumb\"},\"inLanguage\":\"fr-CA\",\"potentialAction\":[{\"@type\":\"ReadAction\",\"target\":[\"https:\/\/broomconstruction.com\/fencing\/\"]}]},{\"@type\":\"BreadcrumbList\",\"@id\":\"https:\/\/broomconstruction.com\/fencing\/#breadcrumb\",\"itemListElement\":[{\"@type\":\"ListItem\",\"position\":1,\"name\":\"Home\",\"item\":\"https:\/\/broomconstruction.com\/fr\/\"},{\"@type\":\"ListItem\",\"position\":2,\"name\":\"Cl\u00f4turage\"}]},{\"@type\":\"WebSite\",\"@id\":\"https:\/\/broomconstruction.com\/#website\",\"url\":\"https:\/\/broomconstruction.com\/\",\"name\":\"Broom Construction\",\"description\":\"Ottawa Painting, Roofing &amp; Renovations\",\"publisher\":{\"@id\":\"https:\/\/broomconstruction.com\/#organization\"},\"potentialAction\":[{\"@type\":\"SearchAction\",\"target\":{\"@type\":\"EntryPoint\",\"urlTemplate\":\"https:\/\/broomconstruction.com\/?s={search_term_string}\"},\"query-input\":{\"@type\":\"PropertyValueSpecification\",\"valueRequired\":true,\"valueName\":\"search_term_string\"}}],\"inLanguage\":\"fr-CA\"},{\"@type\":\"Organization\",\"@id\":\"https:\/\/broomconstruction.com\/#organization\",\"name\":\"Broom Construction\",\"url\":\"https:\/\/broomconstruction.com\/\",\"logo\":{\"@type\":\"ImageObject\",\"inLanguage\":\"fr-CA\",\"@id\":\"https:\/\/broomconstruction.com\/#\/schema\/logo\/image\/\",\"url\":\"https:\/\/i0.wp.com\/broomconstruction.com\/wp-content\/uploads\/2016\/06\/logo.jpg?fit=273%2C188&ssl=1\",\"contentUrl\":\"https:\/\/i0.wp.com\/broomconstruction.com\/wp-content\/uploads\/2016\/06\/logo.jpg?fit=273%2C188&ssl=1\",\"width\":273,\"height\":188,\"caption\":\"Broom Construction\"},\"image\":{\"@id\":\"https:\/\/broomconstruction.com\/#\/schema\/logo\/image\/\"},\"sameAs\":[\"https:\/\/www.facebook.com\/broomconstruction\",\"https:\/\/share.google\/EhZRs0RKwOFR4iYPL\"]}]}<\/script>\n<!-- \/ Yoast SEO plugin. -->","yoast_head_json":{"title":"Cl\u00f4turage - Broom Construction","robots":{"index":"index","follow":"follow","max-snippet":"max-snippet:-1","max-image-preview":"max-image-preview:large","max-video-preview":"max-video-preview:-1"},"canonical":"https:\/\/broomconstruction.com\/fencing\/","og_locale":"fr_CA","og_type":"article","og_title":"Cl\u00f4turage - Broom Construction","og_url":"https:\/\/broomconstruction.com\/fencing\/","og_site_name":"Broom Construction","article_publisher":"https:\/\/www.facebook.com\/broomconstruction","article_modified_time":"2016-08-04T00:37:11+00:00","twitter_card":"summary_large_image","twitter_misc":{"Est. reading time":"3 minutes"},"schema":{"@context":"https:\/\/schema.org","@graph":[{"@type":"WebPage","@id":"https:\/\/broomconstruction.com\/fencing\/","url":"https:\/\/broomconstruction.com\/fencing\/","name":"Cl\u00f4turage - Broom Construction","isPartOf":{"@id":"https:\/\/broomconstruction.com\/#website"},"datePublished":"2016-07-08T21:20:32+00:00","dateModified":"2016-08-04T00:37:11+00:00","breadcrumb":{"@id":"https:\/\/broomconstruction.com\/fencing\/#breadcrumb"},"inLanguage":"fr-CA","potentialAction":[{"@type":"ReadAction","target":["https:\/\/broomconstruction.com\/fencing\/"]}]},{"@type":"BreadcrumbList","@id":"https:\/\/broomconstruction.com\/fencing\/#breadcrumb","itemListElement":[{"@type":"ListItem","position":1,"name":"Home","item":"https:\/\/broomconstruction.com\/fr\/"},{"@type":"ListItem","position":2,"name":"Cl\u00f4turage"}]},{"@type":"WebSite","@id":"https:\/\/broomconstruction.com\/#website","url":"https:\/\/broomconstruction.com\/","name":"Broom Construction","description":"Ottawa Painting, Roofing &amp; Renovations","publisher":{"@id":"https:\/\/broomconstruction.com\/#organization"},"potentialAction":[{"@type":"SearchAction","target":{"@type":"EntryPoint","urlTemplate":"https:\/\/broomconstruction.com\/?s={search_term_string}"},"query-input":{"@type":"PropertyValueSpecification","valueRequired":true,"valueName":"search_term_string"}}],"inLanguage":"fr-CA"},{"@type":"Organization","@id":"https:\/\/broomconstruction.com\/#organization","name":"Broom Construction","url":"https:\/\/broomconstruction.com\/","logo":{"@type":"ImageObject","inLanguage":"fr-CA","@id":"https:\/\/broomconstruction.com\/#\/schema\/logo\/image\/","url":"https:\/\/i0.wp.com\/broomconstruction.com\/wp-content\/uploads\/2016\/06\/logo.jpg?fit=273%2C188&ssl=1","contentUrl":"https:\/\/i0.wp.com\/broomconstruction.com\/wp-content\/uploads\/2016\/06\/logo.jpg?fit=273%2C188&ssl=1","width":273,"height":188,"caption":"Broom Construction"},"image":{"@id":"https:\/\/broomconstruction.com\/#\/schema\/logo\/image\/"},"sameAs":["https:\/\/www.facebook.com\/broomconstruction","https:\/\/share.google\/EhZRs0RKwOFR4iYPL"]}]}},"jetpack_sharing_enabled":true,"_links":{"self":[{"href":"https:\/\/broomconstruction.com\/fr\/wp-json\/wp\/v2\/pages\/799","targetHints":{"allow":["GET"]}}],"collection":[{"href":"https:\/\/broomconstruction.com\/fr\/wp-json\/wp\/v2\/pages"}],"about":[{"href":"https:\/\/broomconstruction.com\/fr\/wp-json\/wp\/v2\/types\/page"}],"author":[{"embeddable":true,"href":"https:\/\/broomconstruction.com\/fr\/wp-json\/wp\/v2\/users\/1"}],"replies":[{"embeddable":true,"href":"https:\/\/broomconstruction.com\/fr\/wp-json\/wp\/v2\/comments?post=799"}],"version-history":[{"count":3,"href":"https:\/\/broomconstruction.com\/fr\/wp-json\/wp\/v2\/pages\/799\/revisions"}],"predecessor-version":[{"id":1128,"href":"https:\/\/broomconstruction.com\/fr\/wp-json\/wp\/v2\/pages\/799\/revisions\/1128"}],"wp:attachment":[{"href":"https:\/\/broomconstruction.com\/fr\/wp-json\/wp\/v2\/media?parent=799"}],"curies":[{"name":"wp","href":"https:\/\/api.w.org\/{rel}","templated":true}]}}