{"id":832,"date":"2016-07-08T21:56:01","date_gmt":"2016-07-08T21:56:01","guid":{"rendered":"http:\/\/broomconstruction.com\/?page_id=832&#038;lang=fr"},"modified":"2016-08-04T02:20:51","modified_gmt":"2016-08-04T02:20:51","slug":"reparation-du-toit-et-maintenance","status":"publish","type":"page","link":"https:\/\/broomconstruction.com\/fr\/reparation-du-toit-et-maintenance\/","title":{"rendered":"R\u00e9paration et entretien du toit"},"content":{"rendered":"<body><\/div><\/div><\/div><!-- close content main div --><\/div><\/div><div id='pages-title' class='avia-section main_color avia-section-small avia-no-shadow avia-bg-style-scroll   av-minimum-height av-minimum-height-custom container_wrap sidebar_right'   ><div class='container' style='height:20px'><div class='template-page content  av-content-small alpha units'><div class='post-entry post-entry-type-page post-entry-832'><div class='entry-content-wrapper clearfix'>\n<div style='height:1px; margin-top:-44px'  class='hr hr-invisible  '><span class='hr-inner ' ><span class='hr-inner-style'><\/span><\/span><\/div>\n<div style='padding-bottom:10px;font-size:30px;' class='av-special-heading av-special-heading-h1  blockquote modern-quote   av-inherit-size'><h1 class='av-special-heading-tag'  itemprop=\"headline\"  ><span class=\"page-titles-span\">R\u00e9paration et entretien du toit <\/span><\/h1><div class='special-heading-border'><div class='special-heading-inner-border' ><\/div><\/div><\/div>\n<\/div><\/div><\/div><!-- close content main div --><\/div><\/div><div id='after_section_1' class='main_color av_default_container_wrap container_wrap sidebar_right'   ><div class='container' ><div class='template-page content  av-content-small alpha units'><div class='post-entry post-entry-type-page post-entry-832'><div class='entry-content-wrapper clearfix'><div class='avia-image-container  av-styling-    avia-align-center '  itemscope=\"itemscope\" itemtype=\"https:\/\/schema.org\/ImageObject\"  ><div class='avia-image-container-inner'><img class='avia_image ' src='https:\/\/i0.wp.com\/broomconstruction.com\/wp-content\/uploads\/2016\/06\/27.jpg?fit=1030%2C685&ssl=1' alt='' title='Roof Repairs and Maintenance'   itemprop=\"contentURL\"  \/><\/div><\/div><\/p>\n<div class=\"flex_column av_one_full  flex_column_div av-zero-column-padding first  \" style='border-radius:0px; '><p><div style='height:50px' class='hr hr-invisible  '><span class='hr-inner ' ><span class='hr-inner-style'><\/span><\/span><\/div><br \/>\n<section class=\"av_textblock_section\"  itemscope=\"itemscope\" itemtype=\"https:\/\/schema.org\/CreativeWork\" ><div class='avia_textblock '   itemprop=\"text\" ><h2>Services d\u2019entretien et de r\u00e9paration de toitures dans la r\u00e9gion d\u2019Ottawa et Gatineau.<\/h2>\n<\/div><\/section><br \/>\n<div style='height:50px' class='hr hr-invisible  '><span class='hr-inner ' ><span class='hr-inner-style'><\/span><\/span><\/div><br \/>\n<section class=\"av_textblock_section\"  itemscope=\"itemscope\" itemtype=\"https:\/\/schema.org\/CreativeWork\" ><div class='avia_textblock '   itemprop=\"text\" ><p>En tant que contracteurs exp\u00e9riment\u00e9s dans la r\u00e9gion d\u2019Ottawa\/Gatineau nous savons que les propri\u00e9taires de maisons n\u00e9gligent fr\u00e9quemment l\u2019entretien et la r\u00e9paration du toit de leur propri\u00e9t\u00e9, souvent jusqu\u2019\u00e0 ce qu\u2019il soit trop tard. Nous savons \u00e9galement que de petits probl\u00e8mes avec votre toiture peut mener \u00e0 des r\u00e9parations des plus dispendieuses pour votre maison.<\/p>\n<p>Si vous apper\u00e7evez des signes de fuites, t\u00e2ches sombres sur votre plafond, si vous trouvez des signes de moisissure ou d\u2019accumulation d\u2019humidit\u00e9 dans votre grenier, vous devez passer \u00e0 l\u2019action imm\u00e9diatement! Des fuites dans votre toit ne feront que empirer avec le temps. Il est pr\u00e9f\u00e9rable d\u2019investir quelques centaines de dollars sur un entretien de toiture plut\u00f4t que plusieurs milliers de dollars sur une r\u00e9paration majeure.<\/p>\n<\/div><\/section><br \/>\n<div style='height:30px' class='hr hr-invisible  '><span class='hr-inner ' ><span class='hr-inner-style'><\/span><\/span><\/div><br \/>\n<section class=\"av_textblock_section\"  itemscope=\"itemscope\" itemtype=\"https:\/\/schema.org\/CreativeWork\" ><div class='avia_textblock '   itemprop=\"text\" ><p>R\u00e9paration et entretien du toit: Comment \u00e9viter un d\u00e9sastre?<\/p>\n<ul>\n<li>Inspectez les endroits en m\u00e9tal pour des signes de rouille. S\u2019il y a pr\u00e9sence de rouille, brossez le m\u00e9tal pour la retirer, pr\u00e9parez la surface avec un appr\u00eat et peignez le m\u00e9tal pour terminer ou si vous \u00eates dans la r\u00e9gion d\u2019Ottawa Gatineau, engagez simplement les peintres professionnels de Broom Painting pour que le travail soit fait pour vous.<\/li>\n<li>peinture de toit en m\u00e9tal<\/li>\n<li>peinture de toit en aluminium<\/li>\n<li>Inspectez les joints et la chemin\u00e9e pour des traces de calfeutrant craqu\u00e9 ou en d\u00e9t\u00e9rioration, dans le cas \u00e9ch\u00e9ant, une nouvelle application de calfeutrant ou de mortier est n\u00e9c\u00e9ssaire pour pr\u00e9venir des fuites dans votre toit.<\/li>\n<li>Inspectez le solin, si le solin n\u2019est pas solide, l\u2019ancien calfeutrant doit \u00eatre compl\u00e8tement retir\u00e9, r\u00e9curez la surface, nettoyez et re-scellez.<\/li>\n<li>Regardez pour du bardeau manquant, endommag\u00e9 ou ayant une courbe. Regardez \u00e9galement pour d\u2019autres signes de d\u00e9t\u00e9rioration ou d\u2019usure. Il est souvent plus simple de remplacer seulement une partie de votre bardeau, ou d\u2019engager l\u2019\u00e9quipe locale de toiture de Broom pour faire le travail pour vous.<\/li>\n<li>Inspectez le toit pour des signes de moisissure ou de pr\u00e9sence d\u2019algues. S\u2019il ya accumulation de mousse ou algues, vous pouvez installer des bandes de contr\u00f4le en cuivre ou zinc pour arr\u00eater le probl\u00e8me.<\/li>\n<li>Les branches et accumulation de feuilles sur votre toit peuvent aussi endommager votre bardeau, causer la croissance d\u2019algues et bloquer vos gouti\u00e8res. Pour pr\u00e9venir ce probl\u00e8me, il est essentiel de balayer ou souffler tous d\u00e9bris se trouvant sur le toit et de couper tout arbre ou branche se trouvant au dessus de votre toit.<\/li>\n<li>Inspectez le toit pour les b\u00e2tonnets, les feuilles et autres d\u00e9bris, car ceux-ci peuvent endommager vos bardeaux, cultiver des algues et obstruer vos goutti\u00e8res. Pour \u00e9viter cela,<\/li>\n<li>Bien que les toitures \u00e9tant construites selon les normes du code dans la r\u00e9gion d\u2019Ottawa Gatineau peuvent soutenir jusqu\u2019\u00e0 6 pieds de neige, d\u00e9blayer la neige du toit durant l\u2019hiver pr\u00e9viendra l\u2019affaisement de votre toiture.<\/li>\n<\/ul>\n<\/div><\/section><br \/>\n<div style='height:30px' class='hr hr-invisible  '><span class='hr-inner ' ><span class='hr-inner-style'><\/span><\/span><\/div><\/p><\/div><section class=\"av_textblock_section\"  itemscope=\"itemscope\" itemtype=\"https:\/\/schema.org\/CreativeWork\" ><div class='avia_textblock '   itemprop=\"text\" ><p><strong>Appelez-nous aujourd\u2019hui pour une inspection gratuite de votre toit!<\/strong><\/p>\n<\/div><\/section><\/p>\n<div style='height:30px' class='hr hr-invisible  '><span class='hr-inner ' ><span class='hr-inner-style'><\/span><\/span><\/div>\n<div class=\"flex_column av_one_half  flex_column_div av-zero-column-padding first  \" style='border-radius:0px; '><div class='avia-button-wrap avia-button-center  sub-page-button'><a href='https:\/\/broomconstruction.com\/fr\/citation\/' class='avia-button avia-button-fullwidth  avia-icon_select-yes-left-icon avia-color-green '  style='color:#ffffff; ' ><span class='avia_button_icon avia_button_icon_left ' aria-hidden='true' data-av_icon='\ue854' data-av_iconfont='entypo-fontello'><\/span><span class='avia_iconbox_title' > | Appelez d\u00e8s aujourd\u2019hui: 1-888-508-3005<\/span><span class='avia_button_background avia-button avia-button-fullwidth avia-color-orange' ><\/span><\/a><\/div><\/div>\n<\/body>","protected":false},"excerpt":{"rendered":"","protected":false},"author":1,"featured_media":0,"parent":0,"menu_order":0,"comment_status":"closed","ping_status":"closed","template":"","meta":{"nf_dc_page":"","footnotes":""},"class_list":["post-832","page","type-page","status-publish","hentry"],"yoast_head":"<!-- This site is optimized with the Yoast SEO plugin v26.9 - https:\/\/yoast.com\/product\/yoast-seo-wordpress\/ -->\n<title>R\u00e9paration et entretien du toit - Broom Construction<\/title>\n<meta name=\"robots\" content=\"index, follow, max-snippet:-1, max-image-preview:large, max-video-preview:-1\" \/>\n<link rel=\"canonical\" href=\"https:\/\/broomconstruction.com\/roof-repairs-maintenance\/\" \/>\n<meta property=\"og:locale\" content=\"fr_CA\" \/>\n<meta property=\"og:type\" content=\"article\" \/>\n<meta property=\"og:title\" content=\"R\u00e9paration et entretien du toit - Broom Construction\" \/>\n<meta property=\"og:url\" content=\"https:\/\/broomconstruction.com\/roof-repairs-maintenance\/\" \/>\n<meta property=\"og:site_name\" content=\"Broom Construction\" \/>\n<meta property=\"article:publisher\" content=\"https:\/\/www.facebook.com\/broomconstruction\" \/>\n<meta property=\"article:modified_time\" content=\"2016-08-04T02:20:51+00:00\" \/>\n<meta name=\"twitter:card\" content=\"summary_large_image\" \/>\n<meta name=\"twitter:label1\" content=\"Est. reading time\" \/>\n\t<meta name=\"twitter:data1\" content=\"6 minutes\" \/>\n<script type=\"application\/ld+json\" class=\"yoast-schema-graph\">{\"@context\":\"https:\/\/schema.org\",\"@graph\":[{\"@type\":\"WebPage\",\"@id\":\"https:\/\/broomconstruction.com\/roof-repairs-maintenance\/\",\"url\":\"https:\/\/broomconstruction.com\/roof-repairs-maintenance\/\",\"name\":\"R\u00e9paration et entretien du toit - Broom Construction\",\"isPartOf\":{\"@id\":\"https:\/\/broomconstruction.com\/#website\"},\"datePublished\":\"2016-07-08T21:56:01+00:00\",\"dateModified\":\"2016-08-04T02:20:51+00:00\",\"breadcrumb\":{\"@id\":\"https:\/\/broomconstruction.com\/roof-repairs-maintenance\/#breadcrumb\"},\"inLanguage\":\"fr-CA\",\"potentialAction\":[{\"@type\":\"ReadAction\",\"target\":[\"https:\/\/broomconstruction.com\/roof-repairs-maintenance\/\"]}]},{\"@type\":\"BreadcrumbList\",\"@id\":\"https:\/\/broomconstruction.com\/roof-repairs-maintenance\/#breadcrumb\",\"itemListElement\":[{\"@type\":\"ListItem\",\"position\":1,\"name\":\"Home\",\"item\":\"https:\/\/broomconstruction.com\/fr\/\"},{\"@type\":\"ListItem\",\"position\":2,\"name\":\"R\u00e9paration et entretien du toit\"}]},{\"@type\":\"WebSite\",\"@id\":\"https:\/\/broomconstruction.com\/#website\",\"url\":\"https:\/\/broomconstruction.com\/\",\"name\":\"Broom Construction\",\"description\":\"Ottawa Painting, Roofing &amp; Renovations\",\"publisher\":{\"@id\":\"https:\/\/broomconstruction.com\/#organization\"},\"potentialAction\":[{\"@type\":\"SearchAction\",\"target\":{\"@type\":\"EntryPoint\",\"urlTemplate\":\"https:\/\/broomconstruction.com\/?s={search_term_string}\"},\"query-input\":{\"@type\":\"PropertyValueSpecification\",\"valueRequired\":true,\"valueName\":\"search_term_string\"}}],\"inLanguage\":\"fr-CA\"},{\"@type\":\"Organization\",\"@id\":\"https:\/\/broomconstruction.com\/#organization\",\"name\":\"Broom Construction\",\"url\":\"https:\/\/broomconstruction.com\/\",\"logo\":{\"@type\":\"ImageObject\",\"inLanguage\":\"fr-CA\",\"@id\":\"https:\/\/broomconstruction.com\/#\/schema\/logo\/image\/\",\"url\":\"https:\/\/i0.wp.com\/broomconstruction.com\/wp-content\/uploads\/2016\/06\/logo.jpg?fit=273%2C188&ssl=1\",\"contentUrl\":\"https:\/\/i0.wp.com\/broomconstruction.com\/wp-content\/uploads\/2016\/06\/logo.jpg?fit=273%2C188&ssl=1\",\"width\":273,\"height\":188,\"caption\":\"Broom Construction\"},\"image\":{\"@id\":\"https:\/\/broomconstruction.com\/#\/schema\/logo\/image\/\"},\"sameAs\":[\"https:\/\/www.facebook.com\/broomconstruction\",\"https:\/\/share.google\/EhZRs0RKwOFR4iYPL\"]}]}<\/script>\n<!-- \/ Yoast SEO plugin. -->","yoast_head_json":{"title":"R\u00e9paration et entretien du toit - Broom Construction","robots":{"index":"index","follow":"follow","max-snippet":"max-snippet:-1","max-image-preview":"max-image-preview:large","max-video-preview":"max-video-preview:-1"},"canonical":"https:\/\/broomconstruction.com\/roof-repairs-maintenance\/","og_locale":"fr_CA","og_type":"article","og_title":"R\u00e9paration et entretien du toit - Broom Construction","og_url":"https:\/\/broomconstruction.com\/roof-repairs-maintenance\/","og_site_name":"Broom Construction","article_publisher":"https:\/\/www.facebook.com\/broomconstruction","article_modified_time":"2016-08-04T02:20:51+00:00","twitter_card":"summary_large_image","twitter_misc":{"Est. reading time":"6 minutes"},"schema":{"@context":"https:\/\/schema.org","@graph":[{"@type":"WebPage","@id":"https:\/\/broomconstruction.com\/roof-repairs-maintenance\/","url":"https:\/\/broomconstruction.com\/roof-repairs-maintenance\/","name":"R\u00e9paration et entretien du toit - Broom Construction","isPartOf":{"@id":"https:\/\/broomconstruction.com\/#website"},"datePublished":"2016-07-08T21:56:01+00:00","dateModified":"2016-08-04T02:20:51+00:00","breadcrumb":{"@id":"https:\/\/broomconstruction.com\/roof-repairs-maintenance\/#breadcrumb"},"inLanguage":"fr-CA","potentialAction":[{"@type":"ReadAction","target":["https:\/\/broomconstruction.com\/roof-repairs-maintenance\/"]}]},{"@type":"BreadcrumbList","@id":"https:\/\/broomconstruction.com\/roof-repairs-maintenance\/#breadcrumb","itemListElement":[{"@type":"ListItem","position":1,"name":"Home","item":"https:\/\/broomconstruction.com\/fr\/"},{"@type":"ListItem","position":2,"name":"R\u00e9paration et entretien du toit"}]},{"@type":"WebSite","@id":"https:\/\/broomconstruction.com\/#website","url":"https:\/\/broomconstruction.com\/","name":"Broom Construction","description":"Ottawa Painting, Roofing &amp; Renovations","publisher":{"@id":"https:\/\/broomconstruction.com\/#organization"},"potentialAction":[{"@type":"SearchAction","target":{"@type":"EntryPoint","urlTemplate":"https:\/\/broomconstruction.com\/?s={search_term_string}"},"query-input":{"@type":"PropertyValueSpecification","valueRequired":true,"valueName":"search_term_string"}}],"inLanguage":"fr-CA"},{"@type":"Organization","@id":"https:\/\/broomconstruction.com\/#organization","name":"Broom Construction","url":"https:\/\/broomconstruction.com\/","logo":{"@type":"ImageObject","inLanguage":"fr-CA","@id":"https:\/\/broomconstruction.com\/#\/schema\/logo\/image\/","url":"https:\/\/i0.wp.com\/broomconstruction.com\/wp-content\/uploads\/2016\/06\/logo.jpg?fit=273%2C188&ssl=1","contentUrl":"https:\/\/i0.wp.com\/broomconstruction.com\/wp-content\/uploads\/2016\/06\/logo.jpg?fit=273%2C188&ssl=1","width":273,"height":188,"caption":"Broom Construction"},"image":{"@id":"https:\/\/broomconstruction.com\/#\/schema\/logo\/image\/"},"sameAs":["https:\/\/www.facebook.com\/broomconstruction","https:\/\/share.google\/EhZRs0RKwOFR4iYPL"]}]}},"jetpack_sharing_enabled":true,"_links":{"self":[{"href":"https:\/\/broomconstruction.com\/fr\/wp-json\/wp\/v2\/pages\/832","targetHints":{"allow":["GET"]}}],"collection":[{"href":"https:\/\/broomconstruction.com\/fr\/wp-json\/wp\/v2\/pages"}],"about":[{"href":"https:\/\/broomconstruction.com\/fr\/wp-json\/wp\/v2\/types\/page"}],"author":[{"embeddable":true,"href":"https:\/\/broomconstruction.com\/fr\/wp-json\/wp\/v2\/users\/1"}],"replies":[{"embeddable":true,"href":"https:\/\/broomconstruction.com\/fr\/wp-json\/wp\/v2\/comments?post=832"}],"version-history":[{"count":5,"href":"https:\/\/broomconstruction.com\/fr\/wp-json\/wp\/v2\/pages\/832\/revisions"}],"predecessor-version":[{"id":1164,"href":"https:\/\/broomconstruction.com\/fr\/wp-json\/wp\/v2\/pages\/832\/revisions\/1164"}],"wp:attachment":[{"href":"https:\/\/broomconstruction.com\/fr\/wp-json\/wp\/v2\/media?parent=832"}],"curies":[{"name":"wp","href":"https:\/\/api.w.org\/{rel}","templated":true}]}}